{"id":93,"date":"2011-08-09T14:04:08","date_gmt":"2011-08-09T14:04:08","guid":{"rendered":"http:\/\/www.weiland-mannheim.de\/erdenwerk\/?page_id=93"},"modified":"2018-04-18T13:04:15","modified_gmt":"2018-04-18T13:04:15","slug":"reit-sport-golfplatzbelaege","status":"publish","type":"page","link":"https:\/\/www.weiland-mannheim.de\/erdenwerk\/produkte\/reit-sport-golfplatzbelaege\/","title":{"rendered":"Reit-, Sport- und Golfplatzbel\u00e4ge"},"content":{"rendered":"<p>[expand title=&#8220;Reitersp\u00e4ne&#8220;]<\/p>\n<figure id=\"attachment_359\" aria-describedby=\"caption-attachment-359\" style=\"width: 250px\" class=\"wp-caption alignright\"><img loading=\"lazy\" decoding=\"async\" src=\"..\/..\/files\/2011\/08\/1A_Reiterspaene.jpg\" alt=\"\" title=\"Reitersp\u00e4ne\" width=\"250\" height=\"344\" class=\"size-full wp-image-359\" \/><figcaption id=\"caption-attachment-359\" class=\"wp-caption-text\">Reitersp\u00e4ne<\/figcaption><\/figure>\n<p>[\/expand]<\/p>\n<hr \/>\n<p>[expand title=&#8220;Reitersand \u201eH\u201c&#8220;]<\/p>\n<figure id=\"attachment_361\" aria-describedby=\"caption-attachment-361\" style=\"width: 250px\" class=\"wp-caption alignright\"><img loading=\"lazy\" decoding=\"async\" src=\"..\/..\/files\/2011\/08\/1C_Reitersand.jpg\" alt=\"\" title=\"Reitersand\" width=\"250\" height=\"344\" class=\"size-full wp-image-361\" \/><figcaption id=\"caption-attachment-361\" class=\"wp-caption-text\">Reitersand<\/figcaption><\/figure>\n<p>[\/expand]<\/p>\n<hr \/>\n<p>[expand title=&#8220;Reithallenbelag&#8220;]<\/p>\n<figure id=\"attachment_362\" aria-describedby=\"caption-attachment-362\" style=\"width: 250px\" class=\"wp-caption alignright\"><img loading=\"lazy\" decoding=\"async\" src=\"..\/..\/files\/2011\/08\/2A_Reithallenbelag.jpg\" alt=\"\" title=\"Reithallenbelag\" width=\"250\" height=\"344\" class=\"size-full wp-image-362\" \/><figcaption id=\"caption-attachment-362\" class=\"wp-caption-text\">Reithallenbelag<\/figcaption><\/figure>\n<p>Tretschicht mit Reitersand \u201eH\u201c<br \/>\n[\/expand]<\/p>\n<hr \/>\n<p>[expand title=&#8220;Reitplatzbelag&#8220;]<\/p>\n<figure id=\"attachment_363\" aria-describedby=\"caption-attachment-363\" style=\"width: 250px\" class=\"wp-caption alignright\"><img loading=\"lazy\" decoding=\"async\" src=\"..\/..\/files\/2011\/08\/2B_Reitplatz_Aussenbelag.jpg\" alt=\"\" title=\"Reitplatzbelag\" width=\"250\" height=\"344\" class=\"size-full wp-image-363\" \/><figcaption id=\"caption-attachment-363\" class=\"wp-caption-text\">Reitplatzbelag<\/figcaption><\/figure>\n<p>Tretschicht mit Reitersand 0 \/ 2<br \/>\n[\/expand]<\/p>\n<hr \/>\n<p>[expand title=&#8220;Spezial Allwetter-Reitplatzsand&#8220;]<\/p>\n<figure id=\"attachment_471\" aria-describedby=\"caption-attachment-471\" style=\"width: 250px\" class=\"wp-caption alignright\"><img loading=\"lazy\" decoding=\"async\" src=\"..\/..\/files\/2011\/08\/1C_Spezial-Alwetter-Reitplatzsand.jpg\" alt=\"\" title=\"Spezial Alwetter-Reitplatzsand\" width=\"250\" height=\"344\" class=\"size-full wp-image-471\" \/><figcaption id=\"caption-attachment-471\" class=\"wp-caption-text\">Spezial Alwetter-Reitplatzsand<\/figcaption><\/figure>\n<p>[\/expand]<\/p>\n<hr \/>\n<p>[expand title=&#8220;Rasentragschichten&#8220;]<\/p>\n<figure id=\"attachment_368\" aria-describedby=\"caption-attachment-368\" style=\"width: 250px\" class=\"wp-caption alignright\"><img loading=\"lazy\" decoding=\"async\" src=\"..\/..\/files\/2011\/08\/A_Rasentragschicht-B.jpg\" alt=\"\" title=\"Rasentragschicht 2\" width=\"250\" height=\"344\" class=\"size-full wp-image-368\" \/><figcaption id=\"caption-attachment-368\" class=\"wp-caption-text\">Rasentragschicht 2<\/figcaption><\/figure>\n<figure id=\"attachment_367\" aria-describedby=\"caption-attachment-367\" style=\"width: 250px\" class=\"wp-caption alignnone\"><img loading=\"lazy\" decoding=\"async\" src=\"..\/..\/files\/2011\/08\/A_Rasentragschicht-A.jpg\" alt=\"\" title=\"Rasentragschicht 1\" width=\"250\" height=\"344\" class=\"size-full wp-image-367\" \/><figcaption id=\"caption-attachment-367\" class=\"wp-caption-text\">Rasentragschicht 1<\/figcaption><\/figure>\n<p>F\u00fcr den Golf- und Sportplatzbau<br \/>\n[\/expand]<\/p>\n<hr \/>\n<p>[expand title=&#8220;Topdressing-Material&#8220;]<\/p>\n<figure id=\"attachment_370\" aria-describedby=\"caption-attachment-370\" style=\"width: 250px\" class=\"wp-caption alignright\"><img loading=\"lazy\" decoding=\"async\" src=\"..\/..\/files\/2011\/08\/B_Topdressing-B.jpg\" alt=\"\" title=\"Topdressing 2\" width=\"250\" height=\"344\" class=\"size-full wp-image-370\" \/><figcaption id=\"caption-attachment-370\" class=\"wp-caption-text\">Topdressing 2<\/figcaption><\/figure>\n<figure id=\"attachment_369\" aria-describedby=\"caption-attachment-369\" style=\"width: 250px\" class=\"wp-caption alignnone\"><img loading=\"lazy\" decoding=\"async\" src=\"..\/..\/files\/2011\/08\/B_Topdressing-A.jpg\" alt=\"\" title=\"Topdressing 1\" width=\"250\" height=\"344\" class=\"size-full wp-image-369\" \/><figcaption id=\"caption-attachment-369\" class=\"wp-caption-text\">Topdressing 1<\/figcaption><\/figure>\n<p>F\u00fcr die Pflege von Gr\u00fcns und Abschl\u00e4gen<br \/>\n[\/expand]<\/p>\n","protected":false},"excerpt":{"rendered":"<p>[expand title=&#8220;Reitersp\u00e4ne&#8220;] [\/expand] [expand title=&#8220;Reitersand \u201eH\u201c&#8220;] [\/expand] [expand title=&#8220;Reithallenbelag&#8220;] Tretschicht mit Reitersand \u201eH\u201c [\/expand] [expand title=&#8220;Reitplatzbelag&#8220;] Tretschicht mit Reitersand 0 \/ 2 [\/expand] [expand title=&#8220;Spezial Allwetter-Reitplatzsand&#8220;] [\/expand] [expand title=&#8220;Rasentragschichten&#8220;] F\u00fcr den Golf- und Sportplatzbau [\/expand] [expand title=&#8220;Topdressing-Material&#8220;] F\u00fcr die Pflege von Gr\u00fcns und Abschl\u00e4gen [\/expand]<\/p>\n","protected":false},"author":1,"featured_media":0,"parent":8,"menu_order":16,"comment_status":"closed","ping_status":"closed","template":"","meta":{"footnotes":""},"class_list":["post-93","page","type-page","status-publish","hentry"],"_links":{"self":[{"href":"https:\/\/www.weiland-mannheim.de\/erdenwerk\/wp-json\/wp\/v2\/pages\/93","targetHints":{"allow":["GET"]}}],"collection":[{"href":"https:\/\/www.weiland-mannheim.de\/erdenwerk\/wp-json\/wp\/v2\/pages"}],"about":[{"href":"https:\/\/www.weiland-mannheim.de\/erdenwerk\/wp-json\/wp\/v2\/types\/page"}],"author":[{"embeddable":true,"href":"https:\/\/www.weiland-mannheim.de\/erdenwerk\/wp-json\/wp\/v2\/users\/1"}],"replies":[{"embeddable":true,"href":"https:\/\/www.weiland-mannheim.de\/erdenwerk\/wp-json\/wp\/v2\/comments?post=93"}],"version-history":[{"count":3,"href":"https:\/\/www.weiland-mannheim.de\/erdenwerk\/wp-json\/wp\/v2\/pages\/93\/revisions"}],"predecessor-version":[{"id":1516,"href":"https:\/\/www.weiland-mannheim.de\/erdenwerk\/wp-json\/wp\/v2\/pages\/93\/revisions\/1516"}],"up":[{"embeddable":true,"href":"https:\/\/www.weiland-mannheim.de\/erdenwerk\/wp-json\/wp\/v2\/pages\/8"}],"wp:attachment":[{"href":"https:\/\/www.weiland-mannheim.de\/erdenwerk\/wp-json\/wp\/v2\/media?parent=93"}],"curies":[{"name":"wp","href":"https:\/\/api.w.org\/{rel}","templated":true}]}}