{"id":928,"date":"2017-02-15T10:53:17","date_gmt":"2017-02-15T10:53:17","guid":{"rendered":"http:\/\/www.weiland-mannheim.de\/erdenwerk\/?page_id=928"},"modified":"2018-11-26T14:05:07","modified_gmt":"2018-11-26T14:05:07","slug":"muschelkalk-natursteine","status":"publish","type":"page","link":"https:\/\/www.weiland-mannheim.de\/erdenwerk\/produkte\/muschelkalk-natursteine\/","title":{"rendered":"Muschelkalk Natursteine"},"content":{"rendered":"<hr class=\"space\" \/>\n<p class=\"notice\">Muschelkalk Natursteine d\u00fcrfen im Winterdienst nicht mit Auftausalz abgestreut werden. Auch mit Ziersplitt und Schotter belegte Fl\u00e4chen d\u00fcrfen nicht mit dem Salz oder dem salzhaltigen Tauwasser in Ber\u00fchrung kommen, dies gilt auch f\u00fcr die F\u00fcllung von Gabionen. Die Steine k\u00f6nnen ansonsten besch\u00e4digt werden. Bitte verwenden Sie unseren Streusplitt auf Lava-Basis.<\/p>\n<hr \/>\n<p>[expand title=&#8220;Muschelkalk Mauersteine&#8220;]<\/p>\n<figure id=\"attachment_297\" aria-describedby=\"caption-attachment-297\" style=\"width: 250px\" class=\"wp-caption alignright\"><img loading=\"lazy\" decoding=\"async\" src=\"http:\/\/www.weiland-mannheim.de\/erdenwerk\/files\/2017\/05\/Muschelkalkmauer.jpg\" alt=\"\" title=\"Muschelkalk Mauersteine\" width=\"250\" height=\"250\" class=\"size-full wp-image-297\" \/><figcaption id=\"caption-attachment-297\" class=\"wp-caption-text\">Muschelkalk Mauersteine<\/figcaption><\/figure>\n<p>Breite 30-40 cm<br \/>\nMa\u00dftoleranz +\/- 3 cm,<br \/>\nH\u00f6hen: 10 cm \/ 20 cm<\/p>\n<p>Nicht tausalzbest\u00e4ndig!<br \/>\n[\/expand]<\/p>\n<hr \/>\n<p>[expand title=&#8220;Muschelkalk Systemblock Mauersteine&#8220;]<\/p>\n<figure id=\"attachment_298\" aria-describedby=\"caption-attachment-298\" style=\"width: 250px\" class=\"wp-caption alignright\"><img loading=\"lazy\" decoding=\"async\" src=\"http:\/\/www.weiland-mannheim.de\/erdenwerk\/files\/2017\/05\/Muschelkalksystem.jpg\" alt=\"\" title=\"Muschelkalk Systemblock-Mauersteine\" width=\"270\" height=\"270\" class=\"size-full wp-image-298\" \/><figcaption id=\"caption-attachment-298\" class=\"wp-caption-text\">Muschelkalk Systemblock-Mauersteine<\/figcaption><\/figure>\n<p>Lager\/Sto\u00dffugen ges\u00e4gt,<br \/>\nVorder- und R\u00fcckseite gespalten,<br \/>\nSeintiefe 20 cm, Steinl\u00e4ngen unterschiedlich,<br \/>\nH\u00f6hen: 7,5 cm \/ 15 cm \/ 22,5 cm<\/p>\n<p>Nicht tausalzbest\u00e4ndig!<br \/>\n[\/expand]<\/p>\n<hr \/>\n<p>[expand title=&#8220;Muschelkalk Quadersteine&#8220;]<\/p>\n<figure id=\"attachment_469\" aria-describedby=\"caption-attachment-469\" style=\"width: 250px\" class=\"wp-caption alignright\"><img loading=\"lazy\" decoding=\"async\" src=\"http:\/\/www.weiland-mannheim.de\/erdenwerk\/files\/2017\/05\/Muschelkalkschichtfelsen.jpg\" alt=\"\" title=\"Muschelkalk Quadersteine\" width=\"250\" height=\"250\" class=\"size-full wp-image-469\" \/><figcaption id=\"caption-attachment-469\" class=\"wp-caption-text\">Muschelkalk Quadersteine<\/figcaption><\/figure>\n<p>Zur Erstellung von Naturstein- und St\u00fctzmauern.<\/p>\n<p>unterschiedliche L\u00e4ngen,<br \/>\nH\u00f6hen ca. 40-50 cm<br \/>\nTiefe ca. 40-50 cm<\/p>\n<p>Nicht tausalzbest\u00e4ndig!<br \/>\n[\/expand]<\/p>\n<hr \/>\n<p>[expand title=&#8220;Muschelkalk Ziersplitt 8\/16&#8243;]<\/p>\n<figure id=\"attachment_563\" aria-describedby=\"caption-attachment-563\" style=\"width: 250px\" class=\"wp-caption alignright\"><img loading=\"lazy\" decoding=\"async\" src=\"..\/..\/files\/2017\/02\/4B_muschelkalk816.jpg\" alt=\"\" title=\"Muschelkalk Ziersplitt 8\/16\" width=\"250\" height=\"344\" class=\"size-full wp-image-563\" \/><figcaption id=\"caption-attachment-563\" class=\"wp-caption-text\">Muschelkalk Ziersplitt 8\/16<\/figcaption><\/figure>\n<p><strong>Anwendung:<\/strong><br \/>\nGr\u00e4ulicher Ziersplitt f\u00fcr die Gartengestaltung. Vielf\u00e4ltige Anwendungsm\u00f6glichkeiten.<br \/>\nZur Beetabdeckung betr\u00e4gt die Einbaust\u00e4rke ca. 8,0 cm.<br \/>\nKein Auftausalz anwenden!<\/p>\n<p><strong>Abrechnungseinheit:<\/strong><br \/>\nto (1,0 m\u00b3 wiegt ca. 1,6 to)<\/p>\n<p>[\/expand]<\/p>\n<hr class=\"space\" \/>\n<p>[expand title=&#8220;Muschelkalk Ziersplitt 16\/32&#8243;]<\/p>\n<figure id=\"attachment_563\" aria-describedby=\"caption-attachment-563\" style=\"width: 250px\" class=\"wp-caption alignright\"><img loading=\"lazy\" decoding=\"async\" src=\"..\/..\/files\/2017\/02\/4B_muschelkalk1632.jpg\" alt=\"\" title=\"Muschelkalk Ziersplitt 16\/32\" width=\"250\" height=\"344\" class=\"size-full wp-image-563\" \/><figcaption id=\"caption-attachment-563\" class=\"wp-caption-text\">Muschelkalk Ziersplitt 16\/32<\/figcaption><\/figure>\n<p><strong>Anwendung:<\/strong><br \/>\nGr\u00e4ulicher Ziersplitt f\u00fcr die Gartengestaltung. Vielf\u00e4ltige Anwendungsm\u00f6glichkeiten.<br \/>\nZur Beetabdeckung betr\u00e4gt die Einbaust\u00e4rke ca. 10,0 cm.<br \/>\nKein Auftausalz anwenden!<\/p>\n<p><strong>Abrechnungseinheit:<\/strong><br \/>\nto (1,0 m\u00b3 wiegt ca. 1,6 to)<\/p>\n<p>[\/expand]<\/p>\n<hr class=\"space\" \/>\n<p>[expand title=&#8220;Muschelkalk Gabionenschotter&#8220;]<\/p>\n<figure id=\"attachment_563\" aria-describedby=\"caption-attachment-563\" style=\"width: 250px\" class=\"wp-caption alignright\"><img loading=\"lazy\" decoding=\"async\" src=\"..\/..\/files\/2017\/02\/4B_muschelkalkgabione.jpg\" alt=\"\" title=\"Muschelkalk Gabionenschotter\" width=\"250\" height=\"344\" class=\"size-full wp-image-563\" \/><figcaption id=\"caption-attachment-563\" class=\"wp-caption-text\">Muschelkalk Gabionenschotter<\/figcaption><\/figure>\n<p><strong>Anwendung:<\/strong><br \/>\nGr\u00e4ulicher Kalksteinschotter f\u00fcr die Bef\u00fcllung von Gabionen und Gabionenz\u00e4unen.<br \/>\nKein Auftausalz anwenden!<\/p>\n<p><strong>Abrechnungseinheit:<\/strong><br \/>\nto (1,0 m\u00b3 wiegt ca. 1,6 to)<\/p>\n<p>[\/expand]<\/p>\n<hr class=\"space\" \/>\n","protected":false},"excerpt":{"rendered":"<p>Muschelkalk Natursteine d\u00fcrfen im Winterdienst nicht mit Auftausalz abgestreut werden. Auch mit Ziersplitt und Schotter belegte Fl\u00e4chen d\u00fcrfen nicht mit dem Salz oder dem salzhaltigen Tauwasser in Ber\u00fchrung kommen, dies gilt auch f\u00fcr die F\u00fcllung von Gabionen. Die Steine k\u00f6nnen ansonsten besch\u00e4digt werden. Bitte verwenden Sie unseren Streusplitt auf Lava-Basis. [expand title=&#8220;Muschelkalk Mauersteine&#8220;] Breite 30-40 [&hellip;]<\/p>\n","protected":false},"author":1,"featured_media":0,"parent":8,"menu_order":12,"comment_status":"closed","ping_status":"closed","template":"","meta":{"footnotes":""},"class_list":["post-928","page","type-page","status-publish","hentry"],"_links":{"self":[{"href":"https:\/\/www.weiland-mannheim.de\/erdenwerk\/wp-json\/wp\/v2\/pages\/928","targetHints":{"allow":["GET"]}}],"collection":[{"href":"https:\/\/www.weiland-mannheim.de\/erdenwerk\/wp-json\/wp\/v2\/pages"}],"about":[{"href":"https:\/\/www.weiland-mannheim.de\/erdenwerk\/wp-json\/wp\/v2\/types\/page"}],"author":[{"embeddable":true,"href":"https:\/\/www.weiland-mannheim.de\/erdenwerk\/wp-json\/wp\/v2\/users\/1"}],"replies":[{"embeddable":true,"href":"https:\/\/www.weiland-mannheim.de\/erdenwerk\/wp-json\/wp\/v2\/comments?post=928"}],"version-history":[{"count":5,"href":"https:\/\/www.weiland-mannheim.de\/erdenwerk\/wp-json\/wp\/v2\/pages\/928\/revisions"}],"predecessor-version":[{"id":1622,"href":"https:\/\/www.weiland-mannheim.de\/erdenwerk\/wp-json\/wp\/v2\/pages\/928\/revisions\/1622"}],"up":[{"embeddable":true,"href":"https:\/\/www.weiland-mannheim.de\/erdenwerk\/wp-json\/wp\/v2\/pages\/8"}],"wp:attachment":[{"href":"https:\/\/www.weiland-mannheim.de\/erdenwerk\/wp-json\/wp\/v2\/media?parent=928"}],"curies":[{"name":"wp","href":"https:\/\/api.w.org\/{rel}","templated":true}]}}