{"id":91,"date":"2011-08-09T14:03:38","date_gmt":"2011-08-09T14:03:38","guid":{"rendered":"http:\/\/www.weiland-mannheim.de\/erdenwerk\/?page_id=91"},"modified":"2018-05-24T22:15:53","modified_gmt":"2018-05-24T22:15:53","slug":"zincolit-dachgartensubstrate","status":"publish","type":"page","link":"https:\/\/www.weiland-mannheim.de\/erdenwerk\/produkte\/zincolit-dachgartensubstrate\/","title":{"rendered":"Zincolit Dachgartensubstrate"},"content":{"rendered":"<p><a href='..\/..\/files\/2011\/08\/dachgartensystemerden.pdf' target=\"_blank\">Kundeninformation Dachgartensystemerden<\/a><\/p>\n<p>[expand title=&#8220;Zincolit Plus&#8220;]<\/p>\n<figure id=\"attachment_348\" aria-describedby=\"caption-attachment-348\" style=\"width: 250px\" class=\"wp-caption alignright\"><img loading=\"lazy\" decoding=\"async\" src=\"..\/..\/files\/2011\/08\/A_Zincolit_Plus.jpg\" alt=\"\" title=\"Zincolit Plus\" width=\"250\" height=\"344\" class=\"size-full wp-image-348\" \/><figcaption id=\"caption-attachment-348\" class=\"wp-caption-text\">Zincolit Plus<\/figcaption><\/figure>\n<p>Mineralsubstrat aus Tonziegel-Recycling, komplettiert mit ausgesuch-ten mineralischen Sch\u00fcttstoffen zur Ausbildung von Zweischichtbauweisen (Extensivbegr\u00fcnung mit Sprossen-\/Samenaussaat) mit einer Keimlage aus Zincohum. F\u00fcr Dr\u00e4nsch\u00fcttungen und Brandschutzstreifen, Verf\u00fcllung von Dr\u00e4nelementen und als Unterbau von Plattenbel\u00e4gen.<br \/>\n[\/expand]<\/p>\n<hr \/>\n<p>[expand title=&#8220;Zincohum Keimsubstrat&#8220;]<\/p>\n<figure id=\"attachment_349\" aria-describedby=\"caption-attachment-349\" style=\"width: 250px\" class=\"wp-caption alignright\"><img loading=\"lazy\" decoding=\"async\" src=\"..\/..\/files\/2011\/08\/B_Zincohum.jpg\" alt=\"\" title=\"Zincohum Keimsubstrat\" width=\"250\" height=\"344\" class=\"size-full wp-image-349\" \/><figcaption id=\"caption-attachment-349\" class=\"wp-caption-text\">Zincohum Keimsubstrat<\/figcaption><\/figure>\n<p>Auf Basis von Reifekompost, angereichert mit Sand, Ton und Faser-stoffen. Als Keimlage auf Zincolit, Humuslieferant und N\u00e4hrstoffspeicher, Zuschlagstoff f\u00fcr Na\u00dfsaaten.<br \/>\n[\/expand]<\/p>\n<hr \/>\n<p>[expand title=&#8220;Systemerde \u201eSedumteppich\u201c&#8220;]<\/p>\n<p>Insbesondere geeignet f\u00fcr Begr\u00fcnung mit verschiedenen Sedumarten.<br \/>\n[\/expand]<\/p>\n<hr \/>\n<p>[expand title=&#8220;Systemerde \u201eSteinrosenflur\u201d&#8220;]<\/p>\n<figure id=\"attachment_350\" aria-describedby=\"caption-attachment-350\" style=\"width: 250px\" class=\"wp-caption alignright\"><img loading=\"lazy\" decoding=\"async\" src=\"..\/..\/files\/2011\/08\/C_Systemerde_Steinrosenflur.jpg\" alt=\"\" title=\" Systemerde &quot;Steinrosenflur&quot;\" width=\"250\" height=\"344\" class=\"size-full wp-image-350\" \/><figcaption id=\"caption-attachment-350\" class=\"wp-caption-text\"> Systemerde &quot;Steinrosenflur&quot;<\/figcaption><\/figure>\n<p>Das Standard-Substrat f\u00fcr extensive Dachbegr\u00fcnungen in Mehr-schichtbauweise. Mit Sedum und Kr\u00e4utern abgestimmt auf die Pflanzengemeinschaft \u201eSteinrosenflur\u201d, besonders geeignet f\u00fcr Flachballenpflanzungen.<br \/>\n[\/expand]<\/p>\n<hr \/>\n<p>[expand title=&#8220;Systemerde \u201eLavendelheide\u201d&#8220;]<\/p>\n<figure id=\"attachment_351\" aria-describedby=\"caption-attachment-351\" style=\"width: 250px\" class=\"wp-caption alignright\"><img loading=\"lazy\" decoding=\"async\" src=\"..\/..\/files\/2011\/08\/D_Systemerde_Lavendelheide.jpg\" alt=\"\" title=\"Systemerde &quot;Lavendelheide&quot;\" width=\"250\" height=\"344\" class=\"size-full wp-image-351\" \/><figcaption id=\"caption-attachment-351\" class=\"wp-caption-text\">Systemerde &quot;Lavendelheide&quot;<\/figcaption><\/figure>\n<p>Geeignet f\u00fcr anspruchsvolle Extensivbegr\u00fcnungen und einfache Intensivbegr\u00fcnungen mit Pflanzung von h\u00f6heren Stauden, Gr\u00e4sern und kleineren Geh\u00f6lzen. Abgestimmt auf die Pflanzengemeinschaft \u201eLavendelheide\u201d sowie f\u00fcr Trogbepflanzungen.<br \/>\n[\/expand]<\/p>\n<hr \/>\n<p>[expand title=&#8220;Systemerde \u201eDachgarten\u201d&#8220;]<\/p>\n<figure id=\"attachment_352\" aria-describedby=\"caption-attachment-352\" style=\"width: 250px\" class=\"wp-caption alignright\"><img loading=\"lazy\" decoding=\"async\" src=\"..\/..\/files\/2011\/08\/E_Systemerde_Dachgarten.jpg\" alt=\"\" title=\"Systemerde &quot;Dachgarten&quot;\" width=\"250\" height=\"344\" class=\"size-full wp-image-352\" \/><figcaption id=\"caption-attachment-352\" class=\"wp-caption-text\">Systemerde &quot;Dachgarten&quot;<\/figcaption><\/figure>\n<p>Das Standard-Substrat f\u00fcr intensive Dachbegr\u00fcnungen mit anspruchs-volleren Pflanzen wie Rasen, Str\u00e4uchern und B\u00e4umen auf Dachterrassen und Tiefgaragen.<br \/>\n[\/expand]<\/p>\n","protected":false},"excerpt":{"rendered":"<p>Kundeninformation Dachgartensystemerden [expand title=&#8220;Zincolit Plus&#8220;] Mineralsubstrat aus Tonziegel-Recycling, komplettiert mit ausgesuch-ten mineralischen Sch\u00fcttstoffen zur Ausbildung von Zweischichtbauweisen (Extensivbegr\u00fcnung mit Sprossen-\/Samenaussaat) mit einer Keimlage aus Zincohum. F\u00fcr Dr\u00e4nsch\u00fcttungen und Brandschutzstreifen, Verf\u00fcllung von Dr\u00e4nelementen und als Unterbau von Plattenbel\u00e4gen. [\/expand] [expand title=&#8220;Zincohum Keimsubstrat&#8220;] Auf Basis von Reifekompost, angereichert mit Sand, Ton und Faser-stoffen. Als Keimlage auf Zincolit, [&hellip;]<\/p>\n","protected":false},"author":1,"featured_media":0,"parent":8,"menu_order":15,"comment_status":"closed","ping_status":"closed","template":"","meta":{"footnotes":""},"class_list":["post-91","page","type-page","status-publish","hentry"],"_links":{"self":[{"href":"https:\/\/www.weiland-mannheim.de\/erdenwerk\/wp-json\/wp\/v2\/pages\/91","targetHints":{"allow":["GET"]}}],"collection":[{"href":"https:\/\/www.weiland-mannheim.de\/erdenwerk\/wp-json\/wp\/v2\/pages"}],"about":[{"href":"https:\/\/www.weiland-mannheim.de\/erdenwerk\/wp-json\/wp\/v2\/types\/page"}],"author":[{"embeddable":true,"href":"https:\/\/www.weiland-mannheim.de\/erdenwerk\/wp-json\/wp\/v2\/users\/1"}],"replies":[{"embeddable":true,"href":"https:\/\/www.weiland-mannheim.de\/erdenwerk\/wp-json\/wp\/v2\/comments?post=91"}],"version-history":[{"count":3,"href":"https:\/\/www.weiland-mannheim.de\/erdenwerk\/wp-json\/wp\/v2\/pages\/91\/revisions"}],"predecessor-version":[{"id":1530,"href":"https:\/\/www.weiland-mannheim.de\/erdenwerk\/wp-json\/wp\/v2\/pages\/91\/revisions\/1530"}],"up":[{"embeddable":true,"href":"https:\/\/www.weiland-mannheim.de\/erdenwerk\/wp-json\/wp\/v2\/pages\/8"}],"wp:attachment":[{"href":"https:\/\/www.weiland-mannheim.de\/erdenwerk\/wp-json\/wp\/v2\/media?parent=91"}],"curies":[{"name":"wp","href":"https:\/\/api.w.org\/{rel}","templated":true}]}}