{"id":87,"date":"2011-08-09T14:02:31","date_gmt":"2011-08-09T14:02:31","guid":{"rendered":"http:\/\/www.weiland-mannheim.de\/erdenwerk\/?page_id=87"},"modified":"2021-01-26T11:51:47","modified_gmt":"2021-01-26T11:51:47","slug":"nero-natursteine","status":"publish","type":"page","link":"https:\/\/www.weiland-mannheim.de\/erdenwerk\/produkte\/nero-natursteine\/","title":{"rendered":"NERO Natursteine"},"content":{"rendered":"<div class=\"notice\">\nDas Material kann im Erdenwerk Mannheim abgeholt werden.<br \/>\nGerne unterbreiten wir Ihnen ein Angebot zur <a href=\"http:\/\/www.weiland-mannheim.de\/erdenwerk\/produkte\/lieferservice\/\" title=\"Lieferung von Klein- und Gro\u00dfmengen, Big Bags\">Anlieferung<\/a>. Auf Bestellung bef\u00fcllen wir f\u00fcr Sie BigBags mit den Sch\u00fcttg\u00fctern aus unserem Angebot.<\/div>\n<hr class=\"space\">\n<p class=\"notice\">NERO Natursteine d\u00fcrfen im Winterdienst nicht mit Auftausalz abgestreut werden. Auch mit Ziersplitt und Schotter belegte Fl\u00e4chen d\u00fcrfen nicht mit dem Salz oder dem salzhaltigen Tauwasser in Ber\u00fchrung kommen, dies gilt auch f\u00fcr die F\u00fcllung von Gabionen. Die Steine k\u00f6nnen ansonsten besch\u00e4digt werden. Bitte verwenden Sie unseren Streusplitt auf Lava-Basis.<\/p>\n<hr>\n<p>[expand title=&#8220;NERO Terrassenplatten&#8220;]<\/p>\n<figure id=\"attachment_314\" aria-describedby=\"caption-attachment-314\" style=\"width: 250px\" class=\"wp-caption alignright\"><img loading=\"lazy\" decoding=\"async\" src=\"..\/..\/files\/2011\/08\/A_Terrassenplatten.jpg\" alt=\"\" title=\"NERO Terrassenplatten\" class=\"size-full wp-image-314\" width=\"250\" height=\"344\"><figcaption id=\"caption-attachment-314\" class=\"wp-caption-text\">NERO Terrassenplatten<\/figcaption><\/figure>\n<p>Allseitig geflammter Basanit mit ges\u00e4gten und gefasten Kanten.<\/p>\n<p>Gr\u00f6\u00dfen:<br \/>\n40\/40\/3 cm<br \/>\n40\/60\/3 cm<\/p>\n<p>Kein Auftausalz anwenden!<\/p>\n<p>[\/expand]<\/p>\n<hr>\n<p>[expand title=&#8220;NERO Natursteinpflaster Basalt&#8220;]<\/p>\n<figure id=\"attachment_464\" aria-describedby=\"caption-attachment-464\" style=\"width: 245px\" class=\"wp-caption alignright\"><img loading=\"lazy\" decoding=\"async\" src=\"..\/..\/files\/2011\/08\/G_NatursteinpflasterBasalt.jpg\" alt=\"\" title=\"NERO Natursteinpflaster Basalt\" class=\"size-full wp-image-464\" width=\"245\" height=\"284\"><figcaption id=\"caption-attachment-464\" class=\"wp-caption-text\">NERO Natursteinpflaster Basalt<\/figcaption><\/figure>\n<p>Mosaikpflaster 4 \/ 6 cm<br \/>\nKleinpflaster 8 \/ 10 cm<\/p>\n<p>Kein Auftausalz anwenden!<\/p>\n<p>[\/expand]<\/p>\n<hr>\n<p>[expand title=&#8220;NERO Blockstufen&#8220;]<\/p>\n<figure id=\"attachment_484\" aria-describedby=\"caption-attachment-484\" style=\"width: 344px\" class=\"wp-caption alignright\"><img loading=\"lazy\" decoding=\"async\" src=\"..\/..\/files\/2011\/08\/H_Blockstufen.jpg\" alt=\"\" title=\"NERO Blockstufen\" class=\"size-full wp-image-484\" width=\"344\" height=\"250\" srcset=\"https:\/\/www.weiland-mannheim.de\/erdenwerk\/files\/2011\/08\/H_Blockstufen.jpg 344w, https:\/\/www.weiland-mannheim.de\/erdenwerk\/files\/2011\/08\/H_Blockstufen-250x181.jpg 250w\" sizes=\"auto, (max-width: 344px) 100vw, 344px\" \/><figcaption id=\"caption-attachment-484\" class=\"wp-caption-text\">NERO Blockstufen<\/figcaption><\/figure>\n<p>Allseitig geflammter Basanit mit Fase.<\/p>\n<p>Gr\u00f6\u00dfen:<br \/>\n15\/35\/50 cm<br \/>\n15\/35\/75 cm<br \/>\n15\/35\/100 cm<br \/>\n15\/35\/150 cm<\/p>\n<p>Kein Auftausalz anwenden!<\/p>\n<p>[\/expand]<\/p>\n<hr>\n<p>[expand title=&#8220;Nero Mauersteine&#8220;]<\/p>\n<figure id=\"attachment_719\" aria-describedby=\"caption-attachment-719\" style=\"width: 250px\" class=\"wp-caption alignright\"><img loading=\"lazy\" decoding=\"async\" src=\"..\/..\/files\/2011\/08\/824-Lausitzer-Diorit-Mauersteine-250x187.jpg\" alt=\"Nero Mauersteine\" class=\"size-medium wp-image-719\" width=\"250\" height=\"187\"><figcaption id=\"caption-attachment-719\" class=\"wp-caption-text\">Nero Mauersteine<\/figcaption><\/figure>\n<p>Diorit anthrazit, gespalten (regelm\u00e4\u00dfiges Schichtenmauerwerk)<\/p>\n<p><strong>Anwendung:<\/strong><br \/>\nZur Herstellung von Trockenmauern oder konventionell gebauten Mauern.<br \/>\nMaterial: Lausitzer Diorit<\/p>\n<p><strong>Abrechnungseinheit:<\/strong><\/p>\n<p>to<\/p>\n<p>[\/expand]<\/p>\n<hr>\n<p>[expand title=&#8220;Nero-Ziersplitt 8\/11&#8243;]<\/p>\n<figure id=\"attachment_271\" aria-describedby=\"caption-attachment-271\" style=\"width: 250px\" class=\"wp-caption alignright\"><img loading=\"lazy\" decoding=\"async\" src=\"..\/..\/files\/2011\/07\/12B_Nero-Ziersplit.jpg\" alt=\"\" title=\"Nero-Ziersplit 8-11\" class=\"size-full wp-image-271\" width=\"250\" height=\"344\"><figcaption id=\"caption-attachment-271\" class=\"wp-caption-text\">Nero-Ziersplit 8-11<\/figcaption><\/figure>\n<p><strong>Anwendung:<\/strong><br \/>\nHochwertiger Basalt-Ziersplitt f\u00fcr die Gartengestaltung. Vielf\u00e4ltige Anwendungsm\u00f6glichkeiten.<br \/>\nZur Beetabdeckung betr\u00e4gt die Einbaust\u00e4rke mindestens 5,0 cm.<br \/>\nKein Auftausalz anwenden!<\/p>\n<p><strong>Abrechnungseinheit:<\/strong><br \/>\nto (1,0 m\u00b3 wiegt ca. 1,6 to)<\/p>\n<p>[\/expand]<\/p>\n<hr class=\"space\">\n<p>[expand title=&#8220;Nero-Ziersplitt 16\/32&#8243;]<\/p>\n<figure id=\"attachment_272\" aria-describedby=\"caption-attachment-272\" style=\"width: 250px\" class=\"wp-caption alignright\"><img loading=\"lazy\" decoding=\"async\" src=\"..\/..\/files\/2011\/07\/12C_Nero-Ziersplit-16-22.jpg\" alt=\"\" title=\"Nero-Ziersplit 16-22\" class=\"size-full wp-image-272\" width=\"250\" height=\"344\"><figcaption id=\"caption-attachment-272\" class=\"wp-caption-text\">Nero-Ziersplit 16-22<\/figcaption><\/figure>\n<p><strong>Anwendung:<\/strong><br \/>\nHochwertiger Basalt-Ziersplitt f\u00fcr die Gartengestaltung. Vielf\u00e4ltige Anwendungsm\u00f6glichkeiten.<br \/>\nZur Beetabdeckung betr\u00e4gt die Einbaust\u00e4rke mindestens 8,0 cm.<br \/>\nKein Auftausalz anwenden!<\/p>\n<p><strong>Abrechnungseinheit:<\/strong><br \/>\nto (1,0 m\u00b3 wiegt ca. 1,6 to)<\/p>\n<p>[\/expand]<\/p>\n<hr class=\"space\">\n<p>[expand title=&#8220;Nero-Zierschotter 45\/75&#8243;]<\/p>\n<figure id=\"attachment_273\" aria-describedby=\"caption-attachment-273\" style=\"width: 250px\" class=\"wp-caption alignright\"><img loading=\"lazy\" decoding=\"async\" src=\"..\/..\/files\/2011\/07\/13A_Nero-Zierschotter.jpg\" alt=\"\" title=\"Nero-Zierschotter\" class=\"size-full wp-image-273\" width=\"250\" height=\"344\"><figcaption id=\"caption-attachment-273\" class=\"wp-caption-text\">Nero-Zierschotter<\/figcaption><\/figure>\n<p><strong>Anwendung:<\/strong><br \/>\nHochwertiger Basalt-Zierschotter f\u00fcr die Gartengestaltung. Vielf\u00e4ltige Anwendungsm\u00f6glichkeiten.<br \/>\nZur Beetabdeckung betr\u00e4gt die Einbaust\u00e4rke mindestens 12,0 cm.<br \/>\nKein Auftausalz anwenden!<\/p>\n<p><strong>Abrechnungseinheit:<\/strong><br \/>\nto (1,0 m\u00b3 wiegt ca. 1,6 to)<\/p>\n<p>[\/expand]<\/p>\n<hr class=\"space\">\n<p>[expand title=&#8220;Nero-Gabionenschotter&#8220;]<\/p>\n<figure id=\"attachment_274\" aria-describedby=\"caption-attachment-274\" style=\"width: 250px\" class=\"wp-caption alignright\"><img loading=\"lazy\" decoding=\"async\" src=\"..\/..\/files\/2011\/07\/13B_Nero-Gabionenschotter.jpg\" alt=\"\" title=\"Nero-Gabionenschotter 50\/150\" class=\"size-full wp-image-274\" width=\"250\" height=\"344\"><figcaption id=\"caption-attachment-274\" class=\"wp-caption-text\">Nero-Gabionenschotter 50\/150<\/figcaption><\/figure>\n<p><strong>Anwendung:<\/strong><br \/>\nHochwertiger Basalt-Zierschotter f\u00fcr die Bef\u00fcllung von Gabionen und Gabionenz\u00e4unen.<br \/>\nKein Auftausalz anwenden!<\/p>\n<p><strong>Abrechnungseinheit:<\/strong><br \/>\nto (1,0 m\u00b3 wiegt ca. 1,6 to)<\/p>\n<p>[\/expand]<\/p>\n<hr>\n<p>[expand title=&#8220;Nero Findlinge&#8220;]<\/p>\n<figure id=\"attachment_569\" aria-describedby=\"caption-attachment-569\" style=\"width: 250px\" class=\"wp-caption alignright\"><img loading=\"lazy\" decoding=\"async\" src=\"..\/..\/files\/2011\/08\/6B_Nero-Findling.jpg\" alt=\"\" title=\"Nero Findling\" class=\"size-full wp-image-569\" width=\"250\" height=\"344\"><figcaption id=\"caption-attachment-569\" class=\"wp-caption-text\">Nero Findling<\/figcaption><\/figure>\n<p>Dunkles Basaltgestein.<\/p>\n<p><strong>Anwendung:<\/strong><br \/>\nAls Dekorationsobjekt in repr\u00e4sentativen Gartenanlagen. Als Anfahrschutz und als Begrenzungsstein und weiteren vielseitigen Anwendungsgebieten wie der Hangsicherung.<\/p>\n<p><strong>Abrechnungseinheit:<\/strong><br \/>\nto<br \/>\nAbmessungen und Gewichte frei anfallend.<\/p>\n<p>Individuelle Auswahl der Findlinge durch unsere Kunden nach Absprache.<\/p>\n<p>[\/expand]<\/p>\n<hr class=\"space\">\n","protected":false},"excerpt":{"rendered":"<p>Das Material kann im Erdenwerk Mannheim abgeholt werden. Gerne unterbreiten wir Ihnen ein Angebot zur Anlieferung. Auf Bestellung bef\u00fcllen wir f\u00fcr Sie BigBags mit den Sch\u00fcttg\u00fctern aus unserem Angebot. NERO Natursteine d\u00fcrfen im Winterdienst nicht mit Auftausalz abgestreut werden. Auch mit Ziersplitt und Schotter belegte Fl\u00e4chen d\u00fcrfen nicht mit dem Salz oder dem salzhaltigen Tauwasser [&hellip;]<\/p>\n","protected":false},"author":1,"featured_media":0,"parent":8,"menu_order":9,"comment_status":"closed","ping_status":"closed","template":"","meta":{"footnotes":""},"class_list":["post-87","page","type-page","status-publish","hentry"],"_links":{"self":[{"href":"https:\/\/www.weiland-mannheim.de\/erdenwerk\/wp-json\/wp\/v2\/pages\/87","targetHints":{"allow":["GET"]}}],"collection":[{"href":"https:\/\/www.weiland-mannheim.de\/erdenwerk\/wp-json\/wp\/v2\/pages"}],"about":[{"href":"https:\/\/www.weiland-mannheim.de\/erdenwerk\/wp-json\/wp\/v2\/types\/page"}],"author":[{"embeddable":true,"href":"https:\/\/www.weiland-mannheim.de\/erdenwerk\/wp-json\/wp\/v2\/users\/1"}],"replies":[{"embeddable":true,"href":"https:\/\/www.weiland-mannheim.de\/erdenwerk\/wp-json\/wp\/v2\/comments?post=87"}],"version-history":[{"count":5,"href":"https:\/\/www.weiland-mannheim.de\/erdenwerk\/wp-json\/wp\/v2\/pages\/87\/revisions"}],"predecessor-version":[{"id":2230,"href":"https:\/\/www.weiland-mannheim.de\/erdenwerk\/wp-json\/wp\/v2\/pages\/87\/revisions\/2230"}],"up":[{"embeddable":true,"href":"https:\/\/www.weiland-mannheim.de\/erdenwerk\/wp-json\/wp\/v2\/pages\/8"}],"wp:attachment":[{"href":"https:\/\/www.weiland-mannheim.de\/erdenwerk\/wp-json\/wp\/v2\/media?parent=87"}],"curies":[{"name":"wp","href":"https:\/\/api.w.org\/{rel}","templated":true}]}}