{"id":85,"date":"2011-08-09T14:02:11","date_gmt":"2011-08-09T14:02:11","guid":{"rendered":"http:\/\/www.weiland-mannheim.de\/erdenwerk\/?page_id=85"},"modified":"2018-11-26T13:56:56","modified_gmt":"2018-11-26T13:56:56","slug":"grigio-natursteine","status":"publish","type":"page","link":"https:\/\/www.weiland-mannheim.de\/erdenwerk\/produkte\/grigio-natursteine\/","title":{"rendered":"GRIGIO Natursteine"},"content":{"rendered":"<div class=\"notice\">\nDas Material kann im Erdenwerk Mannheim abgeholt werden.<br \/>\nGerne unterbreiten wir Ihnen ein Angebot zur <a href=\"http:\/\/www.weiland-mannheim.de\/erdenwerk\/produkte\/lieferservice\/\" title=\"Lieferung von Klein- und Gro\u00dfmengen, Big Bags\">Anlieferung<\/a>. Auf Bestellung bef\u00fcllen wir f\u00fcr Sie BigBags mit den Sch\u00fcttg\u00fctern aus unserem Angebot.\n<\/div>\n<hr class=\"space\" \/>\n<p class=\"notice\">GRIGIO Natursteine d\u00fcrfen im Winterdienst nicht mit Auftausalz abgestreut werden. Auch mit Ziersplitt und Schotter belegte Fl\u00e4chen d\u00fcrfen nicht mit dem Salz oder dem salzhaltigen Tauwasser in Ber\u00fchrung kommen, dies gilt auch f\u00fcr die F\u00fcllung von Gabionen. Die Steine k\u00f6nnen ansonsten besch\u00e4digt werden. Bitte verwenden Sie unseren Streusplitt auf Lava-Basis.<\/p>\n<hr \/>\n<p>[expand title=&#8220;GRIGIO Terrassenplatten&#8220;]<\/p>\n<figure id=\"attachment_305\" aria-describedby=\"caption-attachment-305\" style=\"width: 250px\" class=\"wp-caption alignright\"><img loading=\"lazy\" decoding=\"async\" src=\"..\/..\/files\/2011\/08\/B_Terrassenplatten-Palisaden.jpg\" alt=\"\" title=\"GRIGIO Terrassenplatten, Palisaden\" width=\"250\" height=\"344\" class=\"size-full wp-image-305\" \/><figcaption id=\"caption-attachment-305\" class=\"wp-caption-text\">GRIGIO Terrassenplatten, Palisaden<\/figcaption><\/figure>\n<p>Granit hellgrau ges\u00e4gt und geflammt mit Fase<\/p>\n<p>Gr\u00f6\u00dfen:<br \/>\n30\/60\/3 cm<br \/>\n40\/40\/3 cm<br \/>\n40\/60\/3 cm<\/p>\n<p>Kein Auftausalz anwenden!<br \/>\n[\/expand]<\/p>\n<hr \/>\n<p>[expand title=&#8220;GRIGIO Natursteinpflaster&#8220;]<\/p>\n<figure id=\"attachment_307\" aria-describedby=\"caption-attachment-307\" style=\"width: 250px\" class=\"wp-caption alignright\"><img loading=\"lazy\" decoding=\"async\" src=\"..\/..\/files\/2011\/08\/D_Grosspflaster-Kleinpflaster.jpg\" alt=\"\" title=\"GRIGIO Gro\u00dfpflaster, Kleinpflaster\" width=\"250\" height=\"344\" class=\"size-full wp-image-307\" \/><figcaption id=\"caption-attachment-307\" class=\"wp-caption-text\">GRIGIO Gro\u00dfpflaster, Kleinpflaster<\/figcaption><\/figure>\n<p>Granit hellgrau<br \/>\nMosaikpflaster 4 \/ 6<br \/>\nKleinpflaster 9 \/ 11<br \/>\nGro\u00dfpflaster 15 \/ 17<\/p>\n<p>Kein Auftausalz anwenden!<br \/>\n[\/expand]<\/p>\n<hr \/>\n<p>[expand title=&#8220;GRIGIO Blockstufen&#8220;]<\/p>\n<figure id=\"attachment_304\" aria-describedby=\"caption-attachment-304\" style=\"width: 250px\" class=\"wp-caption alignright\"><img loading=\"lazy\" decoding=\"async\" src=\"..\/..\/files\/2011\/08\/A_Blockstufen.jpg\" alt=\"\" title=\"GRIGIO Blockstufen\" width=\"250\" height=\"344\" class=\"size-full wp-image-304\" \/><figcaption id=\"caption-attachment-304\" class=\"wp-caption-text\">GRIGIO Blockstufen<\/figcaption><\/figure>\n<p>Granit hellgrau, ges\u00e4gt und geflammt.<\/p>\n<p>Gr\u00f6\u00dfen:<br \/>\n15\/35\/50 cm<br \/>\n15\/35\/75 cm<br \/>\n15\/35\/100 cm<br \/>\n15\/35\/125 cm<br \/>\n15\/35\/150 cm<\/p>\n<p>Kein Auftausalz anwenden!<br \/>\n[\/expand]<\/p>\n<hr \/>\n<p>[expand title=&#8220;GRIGIO Bordsteine&#8220;]<\/p>\n<p>Granit hellgrau, gespitzt oder ges\u00e4gt und geflammt<\/p>\n<p>Gr\u00f6\u00dfen:<br \/>\n8\/20\/100 cm<br \/>\n8\/25\/100 cm<\/p>\n<p>Kein Auftausalz anwenden!<br \/>\n[\/expand]<\/p>\n<hr \/>\n<p>[expand title=&#8220;GRIGIO Palisaden&#8220;]<\/p>\n<figure id=\"attachment_306\" aria-describedby=\"caption-attachment-306\" style=\"width: 250px\" class=\"wp-caption alignright\"><img loading=\"lazy\" decoding=\"async\" src=\"..\/..\/files\/2011\/08\/C_Palisaden-Mauerwerk.jpg\" alt=\"\" title=\"GRIGIO Palisaden als Mauerwerk\" width=\"250\" height=\"344\" class=\"size-full wp-image-306\" \/><figcaption id=\"caption-attachment-306\" class=\"wp-caption-text\">GRIGIO Palisaden als Mauerwerk<\/figcaption><\/figure>\n<p>Granit hellgrau, gespitzt oder ges\u00e4gt und geflammt<\/p>\n<p>Gr\u00f6\u00dfen:<br \/>\n12\/12\/30 cm<br \/>\n12\/12\/50 cm<br \/>\n12\/12\/75 cm<br \/>\n12\/12\/100 cm<br \/>\n12\/12\/125 cm<br \/>\n12\/12\/150 cm<\/p>\n<p>10\/25\/50 cm<br \/>\n10\/25\/75 cm<br \/>\n10\/25\/100 cm<br \/>\n10\/25\/125 cm<br \/>\n10\/25\/150 cm<br \/>\n10\/25\/175 cm<br \/>\n10\/25\/200 cm<br \/>\n10\/25\/250 cm<\/p>\n<p>Kein Auftausalz anwenden!<br \/>\n[\/expand]<\/p>\n<hr \/>\n<p>[expand title=&#8220;GRIGIO Step Stones \/ Trittsteine&#8220;]<\/p>\n<p>&empty; 40 cm, H\u00f6he 5 cm<\/p>\n<p>Kein Auftausalz anwenden!<br \/>\n[\/expand]<\/p>\n<hr \/>\n<p>[expand title=&#8220;GRIGIO Trockenmauersteine&#8220;]<\/p>\n<figure id=\"attachment_811\" aria-describedby=\"caption-attachment-811\" style=\"width: 250px\" class=\"wp-caption alignright\"><img loading=\"lazy\" decoding=\"async\" src=\"http:\/\/www.weiland-mannheim.de\/erdenwerk\/files\/2017\/02\/4B_Grigio.jpg\" alt=\"GRIGIO Trockenmauersteine\" width=\"250\" height=\"333\" class=\"size-medium wp-image-811\" \/><figcaption id=\"caption-attachment-811\" class=\"wp-caption-text\">GRIGIO Trockenmauersteine<\/figcaption><\/figure>\n<p>Granit grau, Tiefe 20 cm, Breite c. 40 cm, Ma\u00dftoleranz +\/- 3 cm.<br \/>\nH\u00f6hen: 10; 15; 20 cm<\/p>\n<p><strong>Abrechnungseinheit:<\/strong><br \/>\nto<\/p>\n<p>[\/expand]<\/p>\n<hr \/>\n<p>[expand title=&#8220;GRIGIO Quadersteine&#8220;]<\/p>\n<figure id=\"attachment_810\" aria-describedby=\"caption-attachment-810\" style=\"width: 250px\" class=\"wp-caption alignright\"><img loading=\"lazy\" decoding=\"async\" src=\"http:\/\/www.weiland-mannheim.de\/erdenwerk\/files\/2011\/08\/636-GRIGIO-Quadersteine-250x333.jpg\" alt=\"GRIGIO Quadersteine\" width=\"250\" height=\"333\" class=\"size-medium wp-image-810\" \/><figcaption id=\"caption-attachment-810\" class=\"wp-caption-text\">GRIGIO Quadersteine<\/figcaption><\/figure>\n<p>Granit grau, H\u00f6he 40 &#8211; 50 cm, allseits gespalten, bruchrauh, teilweise Bearbeitungsspuren sichtbar, L\u00e4ngen frei anfallend, Ma\u00dftoleranz +\/- 10 cm.<\/p>\n<p><strong>Abrechnungseinheit:<\/strong><br \/>\nto<\/p>\n<p>[\/expand]<\/p>\n<hr \/>\n<p>[expand title=&#8220;GRIGIO Findlinge, gerundet&#8220;]<\/p>\n<figure id=\"attachment_808\" aria-describedby=\"caption-attachment-808\" style=\"width: 250px\" class=\"wp-caption alignright\"><img loading=\"lazy\" decoding=\"async\" src=\"http:\/\/www.weiland-mannheim.de\/erdenwerk\/files\/2011\/08\/633-GRIGIO-Findlinge-250x333.jpg\" alt=\"GRIGIO Findlinge, gerundet\" width=\"250\" height=\"333\" class=\"size-medium wp-image-808\" \/><figcaption id=\"caption-attachment-808\" class=\"wp-caption-text\">GRIGIO Findlinge, gerundet<\/figcaption><\/figure>\n<p>Granit grau.<\/p>\n<p><strong>Abrechnungseinheit:<\/strong><br \/>\nto<\/p>\n<p>[\/expand]<\/p>\n<hr \/>\n<p>[expand title=&#8220;GRIGIO Bruchsteine&#8220;]<\/p>\n<figure id=\"attachment_809\" aria-describedby=\"caption-attachment-809\" style=\"width: 250px\" class=\"wp-caption alignright\"><img loading=\"lazy\" decoding=\"async\" src=\"http:\/\/www.weiland-mannheim.de\/erdenwerk\/files\/2011\/08\/634-GRIGIO-Bruchsteine-250x333.jpg\" alt=\"GRIGIO Bruchsteine\" width=\"250\" height=\"333\" class=\"size-medium wp-image-809\" \/><figcaption id=\"caption-attachment-809\" class=\"wp-caption-text\">GRIGIO Bruchsteine<\/figcaption><\/figure>\n<p>Granit grau bis r\u00f6tlich.<\/p>\n<p><strong>Abrechnungseinheit:<\/strong><br \/>\nto<\/p>\n<p>[\/expand]<\/p>\n<hr \/>\n<p>[expand title=&#8220;GRIGIO-Ziersplitt 11\/16&#8243;]<\/p>\n<figure id=\"attachment_258\" aria-describedby=\"caption-attachment-258\" style=\"width: 250px\" class=\"wp-caption alignright\"><img loading=\"lazy\" decoding=\"async\" src=\"..\/..\/files\/2017\/02\/4B_Grigio1116.jpg\" alt=\"\" title=\"Granit-Ziersplitt 11-16\" width=\"250\" height=\"344\" class=\"size-full wp-image-258\" \/><figcaption id=\"caption-attachment-258\" class=\"wp-caption-text\">Granit-Ziersplitt 11-16<\/figcaption><\/figure>\n<p><strong>Anwendung:<\/strong><br \/>\nHochwertiger Ziersplitt f\u00fcr die Gartengestaltung. Zur Beetabdeckung und zum Bau von Teichanlagen. Vielf\u00e4ltige Anwendungsm\u00f6glichkeiten.<br \/>\nZur Beetabdeckung betr\u00e4gt die Einbaust\u00e4rke mindestens 5,0 cm.<\/p>\n<p>Farbe: grau mit <strong>dunklen<\/strong> Anteilen!<\/p>\n<p>Kein Auftausalz anwenden!<\/p>\n<p><strong>Abrechnungseinheit:<\/strong><br \/>\nto (1,0 m&sup3; wiegt ca. 1,6 to)<\/p>\n<p>[\/expand]<\/p>\n<hr class=\"space\" \/>\n<p>[expand title=&#8220;GRIGIO-Ziersplitt 16\/32&#8243;]<\/p>\n<figure id=\"attachment_259\" aria-describedby=\"caption-attachment-259\" style=\"width: 250px\" class=\"wp-caption alignright\"><img loading=\"lazy\" decoding=\"async\" src=\"..\/..\/files\/2017\/02\/4B_Grigio1632.jpg\" alt=\"\" title=\"Granit-Ziersplitt 16-32\" width=\"250\" height=\"344\" class=\"size-full wp-image-259\" \/><figcaption id=\"caption-attachment-259\" class=\"wp-caption-text\">Granit-Ziersplitt 16-32<\/figcaption><\/figure>\n<p><strong>Anwendung:<\/strong><br \/>\nHochwertiger Ziersplitt f\u00fcr die Gartengestaltung. Zur Beetabdeckung und zum Bau von Teichanlagen. Vielf\u00e4ltige Anwendungsm\u00f6glichkeiten.<br \/>\nZur Beetabdeckung betr\u00e4gt die Einbaust\u00e4rke mindestens 10,0 cm.<\/p>\n<p>Farbe: grau mit <strong>dunklen<\/strong> Anteilen!<\/p>\n<p>Kein Auftausalz anwenden!<\/p>\n<p><strong>Abrechnungseinheit:<\/strong><br \/>\nto (1,0 m&sup3; wiegt ca. 1,6 to)<\/p>\n<p>[\/expand]<\/p>\n<hr class=\"space\" \/>\n<p>[expand title=&#8220;GRIGIO-Zierschotter 32\/56&#8243;]<\/p>\n<figure id=\"attachment_260\" aria-describedby=\"caption-attachment-260\" style=\"width: 250px\" class=\"wp-caption alignright\"><img loading=\"lazy\" decoding=\"async\" src=\"..\/..\/files\/2017\/02\/4B_Grigio3256.jpg\" alt=\"\" title=\"Granit-Zierschotter 32-56\" width=\"250\" height=\"344\" class=\"size-full wp-image-260\" \/><figcaption id=\"caption-attachment-260\" class=\"wp-caption-text\">Granit-Zierschotter 32-56<\/figcaption><\/figure>\n<p><strong>Anwendung:<\/strong><br \/>\nHochwertiger Zierschotter f\u00fcr die Gartengestaltung. Zur Beetabdeckung und zum Bau von Teichanlagen. Vielf\u00e4ltige Anwendungsm\u00f6glichkeiten.<br \/>\nZur Beetabdeckung betr\u00e4gt die Einbaust\u00e4rke mindestens 15,0 cm.<\/p>\n<p>Farbe: grau mit <strong>dunklen<\/strong> Anteilen!<\/p>\n<p>Kein Auftausalz anwenden!<\/p>\n<p><strong>Abrechnungseinheit:<\/strong><br \/>\nto (1,0 m&sup3; wiegt ca. 1,6 to)<\/p>\n<p>[\/expand]<\/p>\n<hr class=\"space\" \/>\n<p>[expand title=&#8220;GRIGIO-Gabionenschotter&#8220;]<\/p>\n<figure id=\"attachment_261\" aria-describedby=\"caption-attachment-261\" style=\"width: 250px\" class=\"wp-caption alignright\"><img loading=\"lazy\" decoding=\"async\" src=\"..\/..\/files\/2011\/07\/10A_Granit-Gabionenschotter.jpg\" alt=\"\" title=\"Granit-Gabionenschotter\" width=\"250\" height=\"344\" class=\"size-full wp-image-261\" \/><figcaption id=\"caption-attachment-261\" class=\"wp-caption-text\">Granit-Gabionenschotter<\/figcaption><\/figure>\n<p><strong>Anwendung:<\/strong><br \/>\nHochwertiger Zierschotter f\u00fcr die Bef\u00fcllung von Gabionen und Gabionenz\u00e4unen.<br \/>\nKein Auftausalz anwenden!<\/p>\n<p><strong>Abrechnungseinheit:<\/strong><br \/>\nto (1,0 m&sup3; wiegt ca. 1,6 to)<\/p>\n<p>[\/expand]<\/p>\n<hr \/>\n","protected":false},"excerpt":{"rendered":"<p>Das Material kann im Erdenwerk Mannheim abgeholt werden. Gerne unterbreiten wir Ihnen ein Angebot zur Anlieferung. Auf Bestellung bef\u00fcllen wir f\u00fcr Sie BigBags mit den Sch\u00fcttg\u00fctern aus unserem Angebot. GRIGIO Natursteine d\u00fcrfen im Winterdienst nicht mit Auftausalz abgestreut werden. Auch mit Ziersplitt und Schotter belegte Fl\u00e4chen d\u00fcrfen nicht mit dem Salz oder dem salzhaltigen Tauwasser [&hellip;]<\/p>\n","protected":false},"author":1,"featured_media":0,"parent":8,"menu_order":7,"comment_status":"closed","ping_status":"closed","template":"","meta":{"footnotes":""},"class_list":["post-85","page","type-page","status-publish","hentry"],"_links":{"self":[{"href":"https:\/\/www.weiland-mannheim.de\/erdenwerk\/wp-json\/wp\/v2\/pages\/85","targetHints":{"allow":["GET"]}}],"collection":[{"href":"https:\/\/www.weiland-mannheim.de\/erdenwerk\/wp-json\/wp\/v2\/pages"}],"about":[{"href":"https:\/\/www.weiland-mannheim.de\/erdenwerk\/wp-json\/wp\/v2\/types\/page"}],"author":[{"embeddable":true,"href":"https:\/\/www.weiland-mannheim.de\/erdenwerk\/wp-json\/wp\/v2\/users\/1"}],"replies":[{"embeddable":true,"href":"https:\/\/www.weiland-mannheim.de\/erdenwerk\/wp-json\/wp\/v2\/comments?post=85"}],"version-history":[{"count":5,"href":"https:\/\/www.weiland-mannheim.de\/erdenwerk\/wp-json\/wp\/v2\/pages\/85\/revisions"}],"predecessor-version":[{"id":1619,"href":"https:\/\/www.weiland-mannheim.de\/erdenwerk\/wp-json\/wp\/v2\/pages\/85\/revisions\/1619"}],"up":[{"embeddable":true,"href":"https:\/\/www.weiland-mannheim.de\/erdenwerk\/wp-json\/wp\/v2\/pages\/8"}],"wp:attachment":[{"href":"https:\/\/www.weiland-mannheim.de\/erdenwerk\/wp-json\/wp\/v2\/media?parent=85"}],"curies":[{"name":"wp","href":"https:\/\/api.w.org\/{rel}","templated":true}]}}