{"id":83,"date":"2011-08-09T14:01:49","date_gmt":"2011-08-09T14:01:49","guid":{"rendered":"http:\/\/www.weiland-mannheim.de\/erdenwerk\/?page_id=83"},"modified":"2018-11-26T14:05:45","modified_gmt":"2018-11-26T14:05:45","slug":"toskana-natursteine","status":"publish","type":"page","link":"https:\/\/www.weiland-mannheim.de\/erdenwerk\/produkte\/toskana-natursteine\/","title":{"rendered":"TOSKANA Natursteine"},"content":{"rendered":"<div class=\"notice\">\nDas Material kann im Erdenwerk Mannheim abgeholt werden.<br \/>\nGerne unterbreiten wir Ihnen ein Angebot zur <a href=\"http:\/\/www.weiland-mannheim.de\/erdenwerk\/produkte\/lieferservice\/\" title=\"Lieferung von Klein- und Gro\u00dfmengen, Big Bags\">Anlieferung<\/a>. Auf Bestellung bef\u00fcllen wir f\u00fcr Sie BigBags mit den Sch\u00fcttg\u00fctern aus unserem Angebot.\n<\/div>\n<hr class=\"space\" \/>\n<p class=\"notice\">TOSKANA Natursteine d\u00fcrfen im Winterdienst nicht mit Auftausalz abgestreut werden. Auch mit Ziersplitt und Schotter belegte Fl\u00e4chen d\u00fcrfen nicht mit dem Salz oder dem salzhaltigen Tauwasser in Ber\u00fchrung kommen, dies gilt auch f\u00fcr die F\u00fcllung von Gabionen. Die Steine k\u00f6nnen ansonsten besch\u00e4digt werden. Bitte verwenden Sie unseren Streusplitt auf Lava-Basis.<\/p>\n<hr \/>\n<p>[expand title=&#8220;TOSKANA Terrassenplatten, beige&#8220;]<\/p>\n<figure id=\"attachment_482\" aria-describedby=\"caption-attachment-482\" style=\"width: 344px\" class=\"wp-caption alignright\"><img loading=\"lazy\" decoding=\"async\" src=\"..\/..\/files\/2017\/02\/4B_Toskanaplatten.jpg\" alt=\"\" title=\"TOSKANA Terrassenplatten, beige\" width=\"344\" height=\"250\" class=\"size-full wp-image-482\" \/><figcaption id=\"caption-attachment-482\" class=\"wp-caption-text\">TOSKANA Terrassenplatten, beige<\/figcaption><\/figure>\n<p>Travertin mit ges\u00e4gten und getrommelten Kanten. Nicht 100% frostsicher, Verlegung im Splittbett.<\/p>\n<p>Gr\u00f6\u00dfen:<br \/>\n20\/20\/3 cm<br \/>\n20\/40\/3 cm<br \/>\n40\/40\/3 cm<br \/>\n40\/60\/3 cm<br \/>\n60\/60\/3 cm<br \/>\n60\/80\/3 cm<\/p>\n<p>Nicht tausalzbest\u00e4ndig!<br \/>\n[\/expand]<\/p>\n<hr \/>\n<p>[expand title=&#8220;TOSKANA Terrassenplatten, gelb&#8220;]<\/p>\n<figure id=\"attachment_482\" aria-describedby=\"caption-attachment-482\" style=\"width: 344px\" class=\"wp-caption alignright\"><img loading=\"lazy\" decoding=\"async\" src=\"..\/..\/files\/2011\/08\/A_Terrassenplatten1.jpg\" alt=\"\" title=\"TOSKANA Terrassenplatten, gelb\" width=\"344\" height=\"250\" class=\"size-full wp-image-482\" srcset=\"https:\/\/www.weiland-mannheim.de\/erdenwerk\/files\/2011\/08\/A_Terrassenplatten1.jpg 344w, https:\/\/www.weiland-mannheim.de\/erdenwerk\/files\/2011\/08\/A_Terrassenplatten1-250x181.jpg 250w\" sizes=\"auto, (max-width: 344px) 100vw, 344px\" \/><figcaption id=\"caption-attachment-482\" class=\"wp-caption-text\">TOSKANA Terrassenplatten,gelb<\/figcaption><\/figure>\n<p>Travertin mit ges\u00e4gten und getrommelten Kanten. Nicht 100% frostsicher, Verlegung im Splittbett.<\/p>\n<p>20\/20\/3 cm<br \/>\n20\/40\/3 cm<br \/>\n40\/40\/3 cm<br \/>\n40\/60\/3 cm<br \/>\n60\/60\/3 cm<br \/>\n60\/80\/3 cm<\/p>\n<p>Nicht tausalzbest\u00e4ndig!<br \/>\n[\/expand]<\/p>\n<hr \/>\n<p>[expand title=&#8220;TOSKANA Polygonalplatten&#8220;]<\/p>\n<figure id=\"attachment_300\" aria-describedby=\"caption-attachment-300\" style=\"width: 250px\" class=\"wp-caption alignright\"><img loading=\"lazy\" decoding=\"async\" src=\"..\/..\/files\/2011\/08\/E_Polygonalplatten.jpg\" alt=\"\" title=\"TOSKANA Polygonalplatten\" width=\"250\" height=\"344\" class=\"size-full wp-image-300\" \/><figcaption id=\"caption-attachment-300\" class=\"wp-caption-text\">TOSKANA Polygonalplatten<\/figcaption><\/figure>\n<p>Quarzit Noble, Oberfl\u00e4che spaltrau, Kanten gebrochen.<br \/>\nPassend zum TOSKANA-Programm.<\/p>\n<p>Kein Auftausalz anwenden!<br \/>\n[\/expand]<\/p>\n<hr \/>\n<p>[expand title=&#8220;TOSKANA Pflaster&#8220;]<\/p>\n<figure id=\"attachment_480\" aria-describedby=\"caption-attachment-480\" style=\"width: 250px\" class=\"wp-caption alignright\"><img loading=\"lazy\" decoding=\"async\" src=\"..\/..\/files\/2011\/08\/D_Travertinpflaster.jpg\" alt=\"\" title=\"TOSKANA Travertinpflaster\" width=\"250\" height=\"344\" class=\"size-full wp-image-480\" \/><figcaption id=\"caption-attachment-480\" class=\"wp-caption-text\">TOSKANA Travertinpflaster<\/figcaption><\/figure>\n<p>Travertin beige, ges\u00e4gt und getrommelt.<\/p>\n<p>Gr\u00f6\u00dfen:<br \/>\n10\/10 cm<\/p>\n<p>Nicht tausalzbest\u00e4ndig!<br \/>\n[\/expand]<\/p>\n<hr \/>\n<p>[expand title=&#8220;TOSKANA Granitpflaster&#8220;]<\/p>\n<figure id=\"attachment_479\" aria-describedby=\"caption-attachment-479\" style=\"width: 250px\" class=\"wp-caption alignright\"><img loading=\"lazy\" decoding=\"async\" src=\"..\/..\/files\/2011\/08\/D_Granitpflaster.jpg\" alt=\"\" title=\"TOSKANA Granitpflaster\" width=\"250\" height=\"344\" class=\"size-full wp-image-479\" \/><figcaption id=\"caption-attachment-479\" class=\"wp-caption-text\">TOSKANA Granitpflaster<\/figcaption><\/figure>\n<p>Granit gelb, getrommelt.<br \/>\nPassend zum TOSKANA-Programm.<\/p>\n<p>Gr\u00f6\u00dfen:<br \/>\n10\/10 cm<br \/>\n20\/20 cm<\/p>\n<p>Kein Auftausalz anwenden!<br \/>\n[\/expand]<\/p>\n<hr \/>\n<p>[expand title=&#8220;TOSKANA Blockstufen, beige&#8220;]<\/p>\n<figure id=\"attachment_475\" aria-describedby=\"caption-attachment-475\" style=\"width: 344px\" class=\"wp-caption alignright\"><img loading=\"lazy\" decoding=\"async\" src=\"..\/..\/files\/2017\/02\/4B_Toskanablockstufen.jpg\" alt=\"\" title=\"TOSKANA Blockstufen, beige\" width=\"344\" height=\"250\" class=\"size-full wp-image-475\" \/><figcaption id=\"caption-attachment-475\" class=\"wp-caption-text\">TOSKANA Blockstufen, beige<\/figcaption><\/figure>\n<p>Geschliffener Travertin mit Fase.<\/p>\n<p>15\/35\/100 cm<\/p>\n<p>Nicht 100% frostsicher.<\/p>\n<p>Nicht tausalzbest\u00e4ndig!<br \/>\n[\/expand]<\/p>\n<hr \/>\n<p>[expand title=&#8220;TOSKANA Blockstufen, gelb&#8220;]<\/p>\n<figure id=\"attachment_475\" aria-describedby=\"caption-attachment-475\" style=\"width: 344px\" class=\"wp-caption alignright\"><img loading=\"lazy\" decoding=\"async\" src=\"..\/..\/files\/2011\/08\/A_Blockstufen1.jpg\" alt=\"\" title=\"TOSKANA Blockstufen, gelb \" width=\"344\" height=\"250\" class=\"size-full wp-image-475\" srcset=\"https:\/\/www.weiland-mannheim.de\/erdenwerk\/files\/2011\/08\/A_Blockstufen1.jpg 344w, https:\/\/www.weiland-mannheim.de\/erdenwerk\/files\/2011\/08\/A_Blockstufen1-250x181.jpg 250w\" sizes=\"auto, (max-width: 344px) 100vw, 344px\" \/><figcaption id=\"caption-attachment-475\" class=\"wp-caption-text\">TOSKANA Blockstufen,gelb<\/figcaption><\/figure>\n<p>Geschliffener Travertin mit Fase.<\/p>\n<p>15\/35\/100 cm<\/p>\n<p>Nicht 100% frostsicher.<\/p>\n<p>Nicht tausalzbest\u00e4ndig!<br \/>\n[\/expand]<\/p>\n<hr \/>\n<p>[expand title=&#8220;TOSKANA Jura Blockstufen&#8220;]<\/p>\n<figure id=\"attachment_475\" aria-describedby=\"caption-attachment-475\" style=\"width: 344px\" class=\"wp-caption alignright\"><img loading=\"lazy\" decoding=\"async\" src=\"..\/..\/files\/2017\/02\/4B_Toskanajura.jpg\" alt=\"\" title=\"TOSKANA Jura Blockstufen\" width=\"344\" height=\"250\" class=\"size-full wp-image-475\" \/><figcaption id=\"caption-attachment-475\" class=\"wp-caption-text\">TOSKANA Jura Blockstufen<\/figcaption><\/figure>\n<p>Jurakalk beige, Oberfl\u00e4che sandgestrahlt, eine L\u00e4ngskante<br \/>\ngespalten, ansonsten ges\u00e4gt.<\/p>\n<p>15\/35\/100 cm<\/p>\n<p>Nicht 100% frostsicher.<\/p>\n<p>Nicht tausalzbest\u00e4ndig!<br \/>\n[\/expand]<\/p>\n<hr \/>\n<p>[expand title=&#8220;TOSKANA Palisaden, beige&#8220;]<\/p>\n<figure id=\"attachment_477\" aria-describedby=\"caption-attachment-477\" style=\"width: 344px\" class=\"wp-caption alignright\"><img loading=\"lazy\" decoding=\"async\" src=\"..\/..\/files\/2017\/02\/4B_Toskanapalisaden.jpg\" alt=\"\" title=\"TOSKANA Palisaden, beige\" width=\"344\" height=\"250\" class=\"size-full wp-image-477\" \/><figcaption id=\"caption-attachment-477\" class=\"wp-caption-text\">TOSKANA Palisaden, beige<\/figcaption><\/figure>\n<p>Ges\u00e4gter Travertin mit getrommelten Kanten.<\/p>\n<p>8\/25\/100 cm<\/p>\n<p>Nicht 100% frostsicher.<\/p>\n<p>Nicht tausalzbest\u00e4ndig!<br \/>\n[\/expand]<\/p>\n<hr \/>\n<p>[expand title=&#8220;TOSKANA Palisaden, gelb&#8220;]<\/p>\n<figure id=\"attachment_477\" aria-describedby=\"caption-attachment-477\" style=\"width: 344px\" class=\"wp-caption alignright\"><img loading=\"lazy\" decoding=\"async\" src=\"..\/..\/files\/2011\/08\/A_Palisaden.jpg\" alt=\"\" title=\"TOSKANA Palisaden, gelb\" width=\"344\" height=\"250\" class=\"size-full wp-image-477\" srcset=\"https:\/\/www.weiland-mannheim.de\/erdenwerk\/files\/2011\/08\/A_Palisaden.jpg 344w, https:\/\/www.weiland-mannheim.de\/erdenwerk\/files\/2011\/08\/A_Palisaden-250x181.jpg 250w\" sizes=\"auto, (max-width: 344px) 100vw, 344px\" \/><figcaption id=\"caption-attachment-477\" class=\"wp-caption-text\">TOSKANA Palisaden, gelb<\/figcaption><\/figure>\n<p>Ges\u00e4gter Travertin mit getrommelten Kanten.<\/p>\n<p>8\/25\/100 cm<\/p>\n<p>Nicht 100% frostsicher.<\/p>\n<p>Nicht tausalzbest\u00e4ndig!<br \/>\n[\/expand]<\/p>\n<hr \/>\n<p>[expand title=&#8220;TOSKANA Mauersteine&#8220;]<\/p>\n<figure id=\"attachment_297\" aria-describedby=\"caption-attachment-297\" style=\"width: 250px\" class=\"wp-caption alignright\"><img loading=\"lazy\" decoding=\"async\" src=\"..\/..\/files\/2011\/08\/B_Mauersteine.jpg\" alt=\"\" title=\"TOSKANA Mauersteine\" width=\"250\" height=\"344\" class=\"size-full wp-image-297\" \/><figcaption id=\"caption-attachment-297\" class=\"wp-caption-text\">TOSKANA Mauersteine<\/figcaption><\/figure>\n<p>Palettiert, maschinengespalten.<br \/>\nH\u00f6hendifferenz +\/- 2 cm<\/p>\n<p>Nicht tausalzbest\u00e4ndig!<br \/>\n[\/expand]<\/p>\n<hr \/>\n<p>[expand title=&#8220;TOSKANA Systemblock Mauersteine&#8220;]<\/p>\n<figure id=\"attachment_298\" aria-describedby=\"caption-attachment-298\" style=\"width: 250px\" class=\"wp-caption alignright\"><img loading=\"lazy\" decoding=\"async\" src=\"..\/..\/files\/2011\/08\/C_Systemblock-Mauersteine.jpg\" alt=\"\" title=\"TOSKANA Systemblock-Mauersteine\" width=\"250\" height=\"344\" class=\"size-full wp-image-298\" \/><figcaption id=\"caption-attachment-298\" class=\"wp-caption-text\">TOSKANA Systemblock-Mauersteine<\/figcaption><\/figure>\n<p>Jura Kalk, Lagen ges\u00e4gt, alle anderen Seiten gespalten und getrommelt.<\/p>\n<p>Nicht tausalzbest\u00e4ndig!<br \/>\n[\/expand]<\/p>\n<hr \/>\n<p>[expand title=&#8220;TOSKANA Schichtfelsen, grob gespalten&#8220;]<\/p>\n<figure id=\"attachment_469\" aria-describedby=\"caption-attachment-469\" style=\"width: 250px\" class=\"wp-caption alignright\"><img loading=\"lazy\" decoding=\"async\" src=\"..\/..\/files\/2011\/08\/G_Toskana-Schichtfelsen.jpg\" alt=\"\" title=\"Toskana Schichtfelsen\" width=\"250\" height=\"344\" class=\"size-full wp-image-469\" \/><figcaption id=\"caption-attachment-469\" class=\"wp-caption-text\">Toskana Schichtfelsen<\/figcaption><\/figure>\n<p>Zur Erstellung von Naturstein- und St\u00fctzmauern.<\/p>\n<p>Nicht tausalzbest\u00e4ndig!<br \/>\n[\/expand]<\/p>\n<hr \/>\n<p>[expand title=&#8220;TOSKANA Schichtfelsen, maschinell gespalten&#8220;]<\/p>\n<figure id=\"attachment_469\" aria-describedby=\"caption-attachment-469\" style=\"width: 250px\" class=\"wp-caption alignright\"><img loading=\"lazy\" decoding=\"async\" src=\"..\/..\/files\/2017\/02\/4B_Toskanaschichtfelsen-1.jpg\" alt=\"\" title=\"Toskana Schichtfelsen, maschinell gespalten\" width=\"250\" height=\"344\" class=\"size-full wp-image-469\" \/><figcaption id=\"caption-attachment-469\" class=\"wp-caption-text\">Toskana Schichtfelsen, maschinell gespalten<\/figcaption><\/figure>\n<p>Zur Erstellung von Naturstein- und St\u00fctzmauern.<\/p>\n<p>Nicht tausalzbest\u00e4ndig!<br \/>\n[\/expand]<\/p>\n<hr \/>\n<p>[expand title=&#8220;TOSKANA Findlinge&#8220;]<\/p>\n<figure id=\"attachment_467\" aria-describedby=\"caption-attachment-467\" style=\"width: 250px\" class=\"wp-caption alignright\"><img loading=\"lazy\" decoding=\"async\" src=\"..\/..\/files\/2011\/08\/F_Toskana-Findlinge.jpg\" alt=\"\" title=\" Toskana Findlinge\" width=\"250\" height=\"344\" class=\"size-full wp-image-467\" \/><figcaption id=\"caption-attachment-467\" class=\"wp-caption-text\"> Toskana Findlinge<\/figcaption><\/figure>\n<p>Als Solit\u00e4rsteine, ohne Bearbeitung.<\/p>\n<p>Nicht tausalzbest\u00e4ndig!<br \/>\n[\/expand]<\/p>\n<hr \/>\n<p>[expand title=&#8220;Toskana-Ziersplitt 8\/11&#8243;]<\/p>\n<figure id=\"attachment_267\" aria-describedby=\"caption-attachment-267\" style=\"width: 250px\" class=\"wp-caption alignright\"><img loading=\"lazy\" decoding=\"async\" src=\"..\/..\/files\/2011\/07\/11A_Toskana-Ziersplitt-8-11.jpg\" alt=\"\" title=\"Toskana-Ziersplitt 8-11\" width=\"250\" height=\"344\" class=\"size-full wp-image-267\" \/><figcaption id=\"caption-attachment-267\" class=\"wp-caption-text\">Toskana-Ziersplitt 8-11<\/figcaption><\/figure>\n<p><strong>Anwendung:<\/strong><br \/>\nHochwertiger Jurakalk-Ziersplitt f\u00fcr die Gartengestaltung. Vielf\u00e4ltige Anwendungsm\u00f6glichkeiten.<br \/>\nZur Beetabdeckung betr\u00e4gt die Einbaust\u00e4rke mindestens 5,0 cm.<br \/>\nNicht tausalzbest\u00e4ndig!<\/p>\n<p><strong>Abrechnungseinheit:<\/strong><br \/>\nto (1,0 m&sup3; wiegt ca. 1,5 to)<\/p>\n<p>[\/expand]<\/p>\n<hr class=\"space\" \/>\n<p>[expand title=&#8220;Toskana-Ziersplitt 11\/25&#8243;]<\/p>\n<figure id=\"attachment_268\" aria-describedby=\"caption-attachment-268\" style=\"width: 250px\" class=\"wp-caption alignright\"><img loading=\"lazy\" decoding=\"async\" src=\"..\/..\/files\/2011\/07\/11B_Toskana-Ziersplitt-11-25.jpg\" alt=\"\" title=\"Toskana-Ziersplitt 11-25\" width=\"250\" height=\"344\" class=\"size-full wp-image-268\" \/><figcaption id=\"caption-attachment-268\" class=\"wp-caption-text\">Toskana-Ziersplitt 11-25<\/figcaption><\/figure>\n<p><strong>Anwendung:<\/strong><br \/>\nHochwertiger Jurakalk-Ziersplitt f\u00fcr die Gartengestaltung. Vielf\u00e4ltige Anwendungsm\u00f6glichkeiten.<br \/>\nZur Beetabdeckung betr\u00e4gt die Einbaust\u00e4rke mindestens 5,0 cm.<br \/>\nNicht tausalzbest\u00e4ndig!<\/p>\n<p><strong>Abrechnungseinheit:<\/strong><br \/>\nto (1,0 m&sup3; wiegt ca. 1,5 to)<\/p>\n<p>[\/expand]<\/p>\n<hr class=\"space\" \/>\n<p>[expand title=&#8220;Toskana-Zierschotter 20\/40 und 40\/65&#8243;]<\/p>\n<figure id=\"attachment_269\" aria-describedby=\"caption-attachment-269\" style=\"width: 250px\" class=\"wp-caption alignright\"><img loading=\"lazy\" decoding=\"async\" src=\"..\/..\/files\/2011\/07\/11C_Toskana-Zierschotter-20-40-40-65.jpg\" alt=\"\" title=\"Toskana-Zierschotter 20-40 \/ 40-65\" width=\"250\" height=\"344\" class=\"size-full wp-image-269\" \/><figcaption id=\"caption-attachment-269\" class=\"wp-caption-text\">Toskana-Zierschotter 20-40 \/ 40-65<\/figcaption><\/figure>\n<p><strong>Anwendung:<\/strong><br \/>\nHochwertiger Jurakalk-Zierschotter f\u00fcr die Gartengestaltung. Vielf\u00e4ltige Anwendungsm\u00f6glichkeiten.<br \/>\nZur Beetabdeckung betr\u00e4gt die Einbaust\u00e4rke mindestens 10,0 cm.<br \/>\nNicht tausalzbest\u00e4ndig!<\/p>\n<p><strong>Abrechnungseinheit:<\/strong><br \/>\nto (1,0 m&sup3; wiegt ca. 1,5 to)<\/p>\n<p>[\/expand]<\/p>\n<hr class=\"space\" \/>\n<p>[expand title=&#8220;Toskana-Gabionenschotter&#8220;]<\/p>\n<figure id=\"attachment_270\" aria-describedby=\"caption-attachment-270\" style=\"width: 250px\" class=\"wp-caption alignright\"><img loading=\"lazy\" decoding=\"async\" src=\"..\/..\/files\/2011\/07\/12A_Toskana-Gabionenschotter.jpg\" alt=\"\" title=\"Toskana-Gabionenschotter\" width=\"250\" height=\"344\" class=\"size-full wp-image-270\" \/><figcaption id=\"caption-attachment-270\" class=\"wp-caption-text\">Toskana-Gabionenschotter<\/figcaption><\/figure>\n<p><strong>Anwendung:<\/strong><br \/>\nHochwertiger Jurakalk-Zierschotter f\u00fcr die Bef\u00fcllung von Gabionen und Gabionenz\u00e4unen.<br \/>\nNicht tausalzbest\u00e4ndig!<\/p>\n<p><strong>Abrechnungseinheit:<\/strong><br \/>\nto (1,0 m&sup3; wiegt ca. 1,5 to)<\/p>\n<p>[\/expand]<\/p>\n<hr class=\"space\" \/>\n","protected":false},"excerpt":{"rendered":"<p>Das Material kann im Erdenwerk Mannheim abgeholt werden. Gerne unterbreiten wir Ihnen ein Angebot zur Anlieferung. Auf Bestellung bef\u00fcllen wir f\u00fcr Sie BigBags mit den Sch\u00fcttg\u00fctern aus unserem Angebot. TOSKANA Natursteine d\u00fcrfen im Winterdienst nicht mit Auftausalz abgestreut werden. Auch mit Ziersplitt und Schotter belegte Fl\u00e4chen d\u00fcrfen nicht mit dem Salz oder dem salzhaltigen Tauwasser [&hellip;]<\/p>\n","protected":false},"author":1,"featured_media":0,"parent":8,"menu_order":8,"comment_status":"closed","ping_status":"closed","template":"","meta":{"footnotes":""},"class_list":["post-83","page","type-page","status-publish","hentry"],"_links":{"self":[{"href":"https:\/\/www.weiland-mannheim.de\/erdenwerk\/wp-json\/wp\/v2\/pages\/83","targetHints":{"allow":["GET"]}}],"collection":[{"href":"https:\/\/www.weiland-mannheim.de\/erdenwerk\/wp-json\/wp\/v2\/pages"}],"about":[{"href":"https:\/\/www.weiland-mannheim.de\/erdenwerk\/wp-json\/wp\/v2\/types\/page"}],"author":[{"embeddable":true,"href":"https:\/\/www.weiland-mannheim.de\/erdenwerk\/wp-json\/wp\/v2\/users\/1"}],"replies":[{"embeddable":true,"href":"https:\/\/www.weiland-mannheim.de\/erdenwerk\/wp-json\/wp\/v2\/comments?post=83"}],"version-history":[{"count":5,"href":"https:\/\/www.weiland-mannheim.de\/erdenwerk\/wp-json\/wp\/v2\/pages\/83\/revisions"}],"predecessor-version":[{"id":1623,"href":"https:\/\/www.weiland-mannheim.de\/erdenwerk\/wp-json\/wp\/v2\/pages\/83\/revisions\/1623"}],"up":[{"embeddable":true,"href":"https:\/\/www.weiland-mannheim.de\/erdenwerk\/wp-json\/wp\/v2\/pages\/8"}],"wp:attachment":[{"href":"https:\/\/www.weiland-mannheim.de\/erdenwerk\/wp-json\/wp\/v2\/media?parent=83"}],"curies":[{"name":"wp","href":"https:\/\/api.w.org\/{rel}","templated":true}]}}