{"id":726,"date":"2015-03-23T16:06:29","date_gmt":"2015-03-23T16:06:29","guid":{"rendered":"http:\/\/www.weiland-mannheim.de\/erdenwerk\/?page_id=726"},"modified":"2018-05-24T22:14:57","modified_gmt":"2018-05-24T22:14:57","slug":"schiefer-natursteine","status":"publish","type":"page","link":"https:\/\/www.weiland-mannheim.de\/erdenwerk\/produkte\/schiefer-natursteine\/","title":{"rendered":"Schiefer Natursteine"},"content":{"rendered":"<hr class=\"space\" \/>\n<p>[expand title=&#8220;Schiefer Polygonalplatten&#8220;]<\/p>\n<figure id=\"attachment_730\" aria-describedby=\"caption-attachment-730\" style=\"width: 250px\" class=\"wp-caption alignright\"><img loading=\"lazy\" decoding=\"async\" src=\"http:\/\/www.weiland-mannheim.de\/erdenwerk\/files\/2017\/02\/4B_Schieferpoly.jpg\" alt=\"Schiefer Polygonalplatten\" width=\"250\" height=\"224\" class=\"size-medium wp-image-730\" \/><figcaption id=\"caption-attachment-730\" class=\"wp-caption-text\">Schiefer Polygonalplatten<\/figcaption><\/figure>\n<p>Schiefer anthrazit, beidseitig spaltrau,<br \/>\n\u00fcberwiegend Bruchkanten<br \/>\nunterschiedliche Plattengr\u00f6\u00dfen, im Mittel ca.:<\/p>\n<p>L\u00e4nge: bis ca. 60 cm<br \/>\nBreite: bis ca. 50 cm<br \/>\nSt\u00e4rke ca. 2-5 cm<\/p>\n<p>Ergiebigkeit: 1 to = ca. 13-15 m\u00b2 <\/p>\n<p><strong>Anwendung:<\/strong><br \/>\nBodenplatten f\u00fcr Wege im Au\u00dfenbereich.<\/p>\n<p><strong>Abrechnungseinheit:<\/strong><br \/>\nto<\/p>\n<p>[\/expand]<\/p>\n<hr class=\"space\" \/>\n<p>[expand title=&#8220;Schieferquarzit Bodenplatten 100\/25\/4-6&#8243;]<\/p>\n<figure id=\"attachment_730\" aria-describedby=\"caption-attachment-730\" style=\"width: 250px\" class=\"wp-caption alignright\"><img loading=\"lazy\" decoding=\"async\" src=\"http:\/\/www.weiland-mannheim.de\/erdenwerk\/files\/2015\/03\/22606-Schieferquarzit-Bodenplatten-100-25-250x224.jpg\" alt=\"Schieferquarzit Bodenplatten\" width=\"250\" height=\"224\" class=\"size-medium wp-image-730\" \/><figcaption id=\"caption-attachment-730\" class=\"wp-caption-text\">Schieferquarzit Bodenplatten<\/figcaption><\/figure>\n<p>Quarzschiefer anthrazit, stirnseitig ges\u00e4gt<\/p>\n<p><strong>Anwendung:<\/strong><br \/>\nBodenplatten f\u00fcr Wege im Au\u00dfenbereich.<\/p>\n<p><strong>Abrechnungseinheit:<\/strong><br \/>\nm&sup2;<\/p>\n<p>[\/expand]<\/p>\n<hr \/>\n<p>[expand title=&#8220;Schieferquarzit Bodenplatten 100\/50\/4-6&#8243;]<\/p>\n<figure id=\"attachment_730\" aria-describedby=\"caption-attachment-730\" style=\"width: 250px\" class=\"wp-caption alignright\"><img loading=\"lazy\" decoding=\"async\" src=\"http:\/\/www.weiland-mannheim.de\/erdenwerk\/files\/2015\/03\/22606-Schieferquarzit-Bodenplatten-100-25-250x224.jpg\" alt=\"Schieferquarzit Bodenplatten\" width=\"250\" height=\"224\" class=\"size-medium wp-image-730\" \/><figcaption id=\"caption-attachment-730\" class=\"wp-caption-text\">Schieferquarzit Bodenplatten<\/figcaption><\/figure>\n<p>Quarzschiefer anthrazit, stirnseitig ges\u00e4gt<\/p>\n<p><strong>Anwendung:<\/strong><br \/>\nBodenplatten f\u00fcr Wege im Au\u00dfenbereich.<\/p>\n<p><strong>Abrechnungseinheit:<\/strong><br \/>\nm&sup2;<\/p>\n<p>[\/expand]<\/p>\n<hr class=\"space\" \/>\n<p>[expand title=&#8220;Schieferquarzit Bodenplatten\/Sichtschutzw\u00e4nde 300\/100\/4-6&#8243;]<\/p>\n<p>Quarzschiefer anthrazit, stirnseitig ges\u00e4gt<\/p>\n<p><strong>Anwendung:<\/strong><br \/>\nBodenplatten f\u00fcr Wege im Au\u00dfenbereich.<br \/>\nAuch als Sichtschutz zu verwenden.<\/p>\n<p><strong>Abrechnungseinheit:<\/strong><br \/>\nm&sup2;<\/p>\n<p>[\/expand]<\/p>\n<hr \/>\n<p>[expand title=&#8220;Schieferquarzit Blockstufen&#8220;]<\/p>\n<figure id=\"attachment_734\" aria-describedby=\"caption-attachment-734\" style=\"width: 250px\" class=\"wp-caption alignright\"><img loading=\"lazy\" decoding=\"async\" src=\"http:\/\/www.weiland-mannheim.de\/erdenwerk\/files\/2015\/03\/22208-Schieferquarzit-Blockstufen-250x189.jpg\" alt=\"Schieferquarzit Blockstufen\" width=\"250\" height=\"189\" class=\"size-medium wp-image-734\" \/><figcaption id=\"caption-attachment-734\" class=\"wp-caption-text\">Schieferquarzit Blockstufen<\/figcaption><\/figure>\n<p>15 \/ 35 \/ 100 cm<\/p>\n<p>Quarzschiefer anthrazit, allseitig spaltrauh, stirnseitig ges\u00e4gt<\/p>\n<p><strong>Anwendung:<\/strong><br \/>\nQuarzschiefer mit spaltrauhen Ansichtsfl\u00e4chen zur Erstellung von Treppen im Au\u00dfenbereich.<\/p>\n<p><strong>Abrechnungseinheit:<\/strong><br \/>\nStk.<\/p>\n<p>[\/expand]<\/p>\n<hr \/>\n<p>[expand title=&#8220;Schieferquarzit Palisaden&#8220;]<\/p>\n<figure id=\"attachment_734\" aria-describedby=\"caption-attachment-734\" style=\"width: 250px\" class=\"wp-caption alignright\"><img loading=\"lazy\" decoding=\"async\" src=\"http:\/\/www.weiland-mannheim.de\/erdenwerk\/files\/2017\/02\/4B_Schieferquarzitpalisaden.jpg\" alt=\"Schieferquarzit Palisaden\" width=\"250\" height=\"189\" class=\"size-medium wp-image-734\" \/><figcaption id=\"caption-attachment-734\" class=\"wp-caption-text\">Schieferquarzit Palisaden<\/figcaption><\/figure>\n<p>Quarzschiefer anthrazit<\/p>\n<p>Ma\u00dfe:<br \/>\n13 &#8211; 15 \/ 13 &#8211; 15 \/ 100 cm<br \/>\n13 &#8211; 15 \/ 13 &#8211; 15 \/ 150 cm<br \/>\n13 &#8211; 15 \/ 13 &#8211; 15 \/ 200 cm<br \/>\n13 &#8211; 15 \/ 13 &#8211; 15 \/ 250 cm<br \/>\n8 &#8211; 10 \/ 23 &#8211; 26 \/ 200 cm<br \/>\n8 &#8211; 10 \/ 23 &#8211; 26 \/ 250 cm<br \/>\n6 &#8211; 8 \/ 20 \/ 85 &#8211; 100 cm<\/p>\n<p><strong>Abrechnungseinheit:<\/strong><br \/>\nStk.<\/p>\n<p>[\/expand]<\/p>\n<hr \/>\n<p>[expand title=&#8220;Hunsr\u00fcck Schiefer Mauersteine&#8220;]<\/p>\n<figure id=\"attachment_735\" aria-describedby=\"caption-attachment-735\" style=\"width: 250px\" class=\"wp-caption alignright\"><img loading=\"lazy\" decoding=\"async\" src=\"http:\/\/www.weiland-mannheim.de\/erdenwerk\/files\/2015\/03\/672-Hunsrueck-Schiefer-Mauersteine-250x333.jpg\" alt=\"Hunsr\u00fcck Schiefer Mauersteine\" width=\"250\" height=\"333\" class=\"size-medium wp-image-735\" \/><figcaption id=\"caption-attachment-735\" class=\"wp-caption-text\">Hunsr\u00fcck Schiefer Mauersteine<\/figcaption><\/figure>\n<p>Schiefer anthrazit, mit mindestens einer Bruchkante<\/p>\n<p><strong>Anwendung:<\/strong><br \/>\nSchiefer mit vielen ungleichf\u00f6rmigen Formaten zur Herstellung von Trockenmauern oder konventionell gebauten Mauern.<\/p>\n<p><strong>Abrechnungseinheit:<\/strong><br \/>\nto<\/p>\n<p>[\/expand]<\/p>\n<hr \/>\n<p>[expand title=&#8220;Schieferquarzit Sichtschutzw\u00e4nde&#8220;]<\/p>\n<figure id=\"attachment_723\" aria-describedby=\"caption-attachment-723\" style=\"width: 250px\" class=\"wp-caption alignright\"><img loading=\"lazy\" decoding=\"async\" src=\"http:\/\/www.weiland-mannheim.de\/erdenwerk\/files\/2011\/09\/22706-Schieferquarzit-Sichtschutzwand-250x188.jpg\" alt=\"Schieferquarzit Sichtschutzwand\" width=\"250\" height=\"188\" class=\"size-medium wp-image-723\" \/><figcaption id=\"caption-attachment-723\" class=\"wp-caption-text\">Schieferquarzit Sichtschutzwand<\/figcaption><\/figure>\n<p>Quarzschiefer anthrazit, stirnseitig gebrochen\/ges\u00e4gt<\/p>\n<p><strong>Anwendung:<\/strong><br \/>\nSchieferplatten mit vielf\u00e4ltigen Anwendungsm\u00f6glichkeiten, als Sichtschutzelement, auch zur Grundst\u00fcckseinfriedung in Kombination mit anderen Sichtschutzelementen.<\/p>\n<p>Abmessungen: 180 &#8211; 220 \/ 45 &#8211; 55 \/ 4 &#8211; 6 cm,<br \/>\nauch in 300 \/ 100 \/ 6 &#8211; 8 cm erh\u00e4ltlich.<\/p>\n<p><strong>Abrechnungseinheit:<\/strong><br \/>\nStk.<\/p>\n<p>[\/expand]<\/p>\n<hr \/>\n<p>[expand title=&#8220;Hunsr\u00fcck Schiefer Findlinge&#8220;]<\/p>\n<figure id=\"attachment_740\" aria-describedby=\"caption-attachment-740\" style=\"width: 250px\" class=\"wp-caption alignright\"><img loading=\"lazy\" decoding=\"async\" src=\"http:\/\/www.weiland-mannheim.de\/erdenwerk\/files\/2015\/03\/642-Hunsrueck-Schiefer-Findlinge-250x353.jpg\" alt=\"Hunsr\u00fcck Schiefer Findlinge\" width=\"250\" height=\"353\" class=\"size-medium wp-image-740\" \/><figcaption id=\"caption-attachment-740\" class=\"wp-caption-text\">Hunsr\u00fcck Schiefer Findlinge<\/figcaption><\/figure>\n<p>Schiefer anthrazit<\/p>\n<p><strong>Anwendung:<\/strong><br \/>\nAls Dekorationsobjekt in repr\u00e4sentativen Gartenanlagen.<\/p>\n<p><strong>Abrechnungseinheit:<\/strong><br \/>\nto<\/p>\n<p>[\/expand]<\/p>\n<hr \/>\n<p>[expand title=&#8220;Hunsr\u00fcck Schiefer S\u00e4ulen&#8220;]<\/p>\n<figure id=\"attachment_741\" aria-describedby=\"caption-attachment-741\" style=\"width: 250px\" class=\"wp-caption alignright\"><img loading=\"lazy\" decoding=\"async\" src=\"http:\/\/www.weiland-mannheim.de\/erdenwerk\/files\/2015\/03\/666-Hunsrueck-Schiefer-Saeulen-250x333.jpg\" alt=\"Hunsr\u00fcck Schiefer S\u00e4ulen\" width=\"250\" height=\"333\" class=\"size-medium wp-image-741\" \/><figcaption id=\"caption-attachment-741\" class=\"wp-caption-text\">Hunsr\u00fcck Schiefer S\u00e4ulen<\/figcaption><\/figure>\n<p>Schiefer anthrazit<\/p>\n<p><strong>Anwendung:<\/strong><br \/>\nAls Dekorationsobjekt in repr\u00e4sentativen Gartenanlagen.<\/p>\n<p><strong>Abrechnungseinheit:<\/strong><br \/>\nto<\/p>\n<p>[\/expand]<\/p>\n<hr \/>\n<p>[expand title=&#8220;Schiefer Chips 20\/40&#8243;]<\/p>\n<figure id=\"attachment_712\" aria-describedby=\"caption-attachment-712\" style=\"width: 250px\" class=\"wp-caption alignright\"><img loading=\"lazy\" decoding=\"async\" src=\"http:\/\/www.weiland-mannheim.de\/erdenwerk\/files\/2011\/07\/562-Hunsrueck-Schiefer-Chips-10-20-250x333.jpg\" alt=\"Schiefer Chips 20\/40\" width=\"250\" height=\"333\" class=\"size-medium wp-image-712\" \/><figcaption id=\"caption-attachment-712\" class=\"wp-caption-text\">Schiefer Chips 20\/40<\/figcaption><\/figure>\n<p>Schiefer anthrazit<\/p>\n<p><strong>Anwendung:<\/strong><br \/>\nHochwertige Schieferpl\u00e4ttchen f\u00fcr die Gartengestaltung. Zur Beetabdeckung. Vielf\u00e4ltige Anwendungsm\u00f6glichkeiten.<br \/>\nEinbauh\u00f6he: ca. 3 cm<\/p>\n<p><strong>Abrechnungseinheit:<\/strong><br \/>\nto (1,0 m&sup3; wiegt ca. 1,6 to)<\/p>\n<p>[\/expand]<\/p>\n<hr class=\"space\" \/>\n<p>[expand title=&#8220;Schiefer Chips 40\/70&#8243;]<\/p>\n<figure id=\"attachment_713\" aria-describedby=\"caption-attachment-713\" style=\"width: 250px\" class=\"wp-caption alignright\"><img loading=\"lazy\" decoding=\"async\" src=\"http:\/\/www.weiland-mannheim.de\/erdenwerk\/files\/2011\/07\/564-Hunsrueck-Schiefer-Chips-20-70-250x333.jpg\" alt=\"Schiefer Chips 40\/70\" width=\"250\" height=\"333\" class=\"size-medium wp-image-713\" \/><figcaption id=\"caption-attachment-713\" class=\"wp-caption-text\">Schiefer Chips 40\/70<\/figcaption><\/figure>\n<p>Schiefer anthrazit<\/p>\n<p><strong>Anwendung:<\/strong><br \/>\nHochwertige Schieferpl\u00e4ttchen f\u00fcr die Gartengestaltung. Zur Beetabdeckung. Vielf\u00e4ltige Anwendungsm\u00f6glichkeiten.<br \/>\nEinbauh\u00f6he: ca. 4-5 cm<\/p>\n<p><strong>Abrechnungseinheit:<\/strong><br \/>\nto (1,0 m&sup3; wiegt ca. 1,6 to)<\/p>\n<p>[\/expand]<\/p>\n","protected":false},"excerpt":{"rendered":"<p>[expand title=&#8220;Schiefer Polygonalplatten&#8220;] Schiefer anthrazit, beidseitig spaltrau, \u00fcberwiegend Bruchkanten unterschiedliche Plattengr\u00f6\u00dfen, im Mittel ca.: L\u00e4nge: bis ca. 60 cm Breite: bis ca. 50 cm St\u00e4rke ca. 2-5 cm Ergiebigkeit: 1 to = ca. 13-15 m\u00b2 Anwendung: Bodenplatten f\u00fcr Wege im Au\u00dfenbereich. Abrechnungseinheit: to [\/expand] [expand title=&#8220;Schieferquarzit Bodenplatten 100\/25\/4-6&#8243;] Quarzschiefer anthrazit, stirnseitig ges\u00e4gt Anwendung: Bodenplatten f\u00fcr [&hellip;]<\/p>\n","protected":false},"author":1,"featured_media":0,"parent":8,"menu_order":11,"comment_status":"closed","ping_status":"closed","template":"","meta":{"footnotes":""},"class_list":["post-726","page","type-page","status-publish","hentry"],"_links":{"self":[{"href":"https:\/\/www.weiland-mannheim.de\/erdenwerk\/wp-json\/wp\/v2\/pages\/726","targetHints":{"allow":["GET"]}}],"collection":[{"href":"https:\/\/www.weiland-mannheim.de\/erdenwerk\/wp-json\/wp\/v2\/pages"}],"about":[{"href":"https:\/\/www.weiland-mannheim.de\/erdenwerk\/wp-json\/wp\/v2\/types\/page"}],"author":[{"embeddable":true,"href":"https:\/\/www.weiland-mannheim.de\/erdenwerk\/wp-json\/wp\/v2\/users\/1"}],"replies":[{"embeddable":true,"href":"https:\/\/www.weiland-mannheim.de\/erdenwerk\/wp-json\/wp\/v2\/comments?post=726"}],"version-history":[{"count":3,"href":"https:\/\/www.weiland-mannheim.de\/erdenwerk\/wp-json\/wp\/v2\/pages\/726\/revisions"}],"predecessor-version":[{"id":1528,"href":"https:\/\/www.weiland-mannheim.de\/erdenwerk\/wp-json\/wp\/v2\/pages\/726\/revisions\/1528"}],"up":[{"embeddable":true,"href":"https:\/\/www.weiland-mannheim.de\/erdenwerk\/wp-json\/wp\/v2\/pages\/8"}],"wp:attachment":[{"href":"https:\/\/www.weiland-mannheim.de\/erdenwerk\/wp-json\/wp\/v2\/media?parent=726"}],"curies":[{"name":"wp","href":"https:\/\/api.w.org\/{rel}","templated":true}]}}