{"id":45,"date":"2011-07-13T14:08:44","date_gmt":"2011-07-13T14:08:44","guid":{"rendered":"http:\/\/www.weiland-mannheim.de\/erdenwerk\/?page_id=45"},"modified":"2026-02-16T12:48:58","modified_gmt":"2026-02-16T12:48:58","slug":"materialannahme","status":"publish","type":"page","link":"https:\/\/www.weiland-mannheim.de\/erdenwerk\/materialannahme\/","title":{"rendered":"Materialannahme"},"content":{"rendered":"<div class=\"notice\">\n<p><strong>Bitte beachten Sie folgende Hinweise<\/strong><\/p>\n<div class=\"col-2\">\n<ul>\n<li>Es erfolgt <strong>keine Annahme von Bauschutt, der gef\u00e4hrliche Stoffe enth\u00e4lt<\/strong> und somit als besonders \u00fcberwachungsbed\u00fcrftig eingestuft ist!<\/li>\n<li>Es erfolgt <strong>keine Annahme von Stra\u00dfenaufbruch und Asphalt<\/strong><\/li>\n<li>Bei <strong>gemischter Anlieferung<\/strong> (nicht getrennte Mischung aus den unten genannten Bauschuttarten) erfolgt die <strong>Verwiegung der gesamten Menge auf die teuerste Bauschuttart!<\/strong><\/li>\n<\/ul>\n<\/div>\n<div class=\"col-2\">\n<ul>\n<li>Gerne unterbreiten wir Ihnen ein <strong>individuelles Angebot zur Abholung und Entsorgung von Gr\u00fcnabf\u00e4llen<\/strong> falls Sie keine M\u00f6glichkeit zur Anlieferung haben oder Ihre Transportkapazit\u00e4ten nicht ausreichen.<\/li>\n<\/ul>\n<\/div>\n<hr class=\"clear\">\n<\/div>\n<hr class=\"space\">\n<p>[expand title=&#8220;Schnittgut ohne Verunreinigung&#8220;]<\/p>\n<figure id=\"attachment_488\" aria-describedby=\"caption-attachment-488\" style=\"width: 250px\" class=\"wp-caption alignright\"><img loading=\"lazy\" decoding=\"async\" class=\"size-full wp-image-488\" title=\"Schnittgut ohne Verunreinigung\" src=\"..\/..\/files\/2011\/07\/1A_Schnittgut-o-Verunreinigung.jpg\" alt=\"\" width=\"250\" height=\"344\"><figcaption id=\"caption-attachment-488\" class=\"wp-caption-text\">Schnittgut ohne Verunreinigung<\/figcaption><\/figure>\n<p>Schnittgut bis max. 20 cm Durchmesser, Gras, Laub und Pferdemist sowie Gr\u00fcnabf\u00e4lle aus der Garten- und Anlagenpflege ohne Verunreinigungen wie z. B. Kunststoffe, Steine, Metalle, usw.<\/p>\n<p>[\/expand]<\/p>\n<hr class=\"space\">\n<p>[expand title=&#8220;Schnittgut mit Verunreinigungen&#8220;]<\/p>\n<figure id=\"attachment_489\" aria-describedby=\"caption-attachment-489\" style=\"width: 250px\" class=\"wp-caption alignright\"><img loading=\"lazy\" decoding=\"async\" class=\"size-full wp-image-489\" title=\"Schnittgut mit Verunreinigung\" src=\"..\/..\/files\/2011\/07\/1B_Schnittgut-mit-Verunreinigung.jpg\" alt=\"\" width=\"250\" height=\"344\"><figcaption id=\"caption-attachment-489\" class=\"wp-caption-text\">Schnittgut mit Verunreinigung<\/figcaption><\/figure>\n<p>Wie zuvor, jedoch mit Verunreinigungen.<br \/>\nbis 10 Vol. %<\/p>\n<p>[\/expand]<\/p>\n<hr class=\"space\">\n<p>[expand title=&#8220;Friedhofsabf\u00e4lle&#8220;]<\/p>\n<figure id=\"attachment_490\" aria-describedby=\"caption-attachment-490\" style=\"width: 250px\" class=\"wp-caption alignright\"><img loading=\"lazy\" decoding=\"async\" class=\"size-full wp-image-490\" title=\"Friedhofsabf\u00e4lle\" src=\"..\/..\/files\/2011\/07\/1C_Friedhofsabfaelle.jpg\" alt=\"\" width=\"250\" height=\"344\"><figcaption id=\"caption-attachment-490\" class=\"wp-caption-text\">Friedhofsabf\u00e4lle<\/figcaption><\/figure>\n<p>In Abh\u00e4ngigkeit von den Fremdstoffen.<br \/>\n[\/expand]<\/p>\n<hr>\n<p>[expand title=&#8220;Grobholz unbehandelt \u00fcber \u00f8 20 cm&#8220;]<\/p>\n<figure id=\"attachment_491\" aria-describedby=\"caption-attachment-491\" style=\"width: 250px\" class=\"wp-caption alignright\"><img loading=\"lazy\" decoding=\"async\" class=\"size-full wp-image-491\" title=\"Grobholz, unbehandelt\" src=\"..\/..\/files\/2011\/07\/2A_Grobholz-unbehandelt.jpg\" alt=\"\" width=\"250\" height=\"344\"><figcaption id=\"caption-attachment-491\" class=\"wp-caption-text\">Grobholz, unbehandelt<\/figcaption><\/figure>\n<p>Wie starkes Astholz, St\u00e4mme und Baumwurzeln<br \/>\n[\/expand]<\/p>\n<hr class=\"space\">\n<p>[expand title=&#8220;Altholz unbehandelt bis \u00f8 20 cm&#8220;]<\/p>\n<figure id=\"attachment_492\" aria-describedby=\"caption-attachment-492\" style=\"width: 250px\" class=\"wp-caption alignright\"><img loading=\"lazy\" decoding=\"async\" class=\"size-full wp-image-492\" title=\"Altholz, unbehandelt\" src=\"..\/..\/files\/2011\/07\/2B_Altholz-unbehandelt.jpg\" alt=\"\" width=\"250\" height=\"344\"><figcaption id=\"caption-attachment-492\" class=\"wp-caption-text\">Altholz, unbehandelt<\/figcaption><\/figure>\n<p>Unbehandelte Obstkisten, Paletten und Altholz<br \/>\nbis max. 20 cm St\u00e4rke (sortenrein)<br \/>\n[\/expand]<\/p>\n<hr class=\"space\">\n<p>[expand title=&#8220;Behandeltes Holz (sortenrein)&#8220;]<\/p>\n<figure id=\"attachment_493\" aria-describedby=\"caption-attachment-493\" style=\"width: 250px\" class=\"wp-caption alignright\"><img loading=\"lazy\" decoding=\"async\" class=\"size-full wp-image-493\" title=\"behandeltes Holz\" src=\"..\/..\/files\/2011\/07\/3A_behandeltes-Holz.jpg\" alt=\"\" width=\"250\" height=\"344\"><figcaption id=\"caption-attachment-493\" class=\"wp-caption-text\">behandeltes Holz<\/figcaption><\/figure>\n<p>[\/expand]<\/p>\n<hr class=\"space\">\n<p>[expand title=&#8220;Fensterholz&#8220;]<\/p>\n<figure id=\"attachment_494\" aria-describedby=\"caption-attachment-494\" style=\"width: 250px\" class=\"wp-caption alignright\"><img loading=\"lazy\" decoding=\"async\" class=\"size-full wp-image-494\" title=\"Fensterholz\" src=\"..\/..\/files\/2011\/07\/3B_Fensterholz.jpg\" alt=\"\" width=\"250\" height=\"344\"><figcaption id=\"caption-attachment-494\" class=\"wp-caption-text\">Fensterholz<\/figcaption><\/figure>\n<p>Behandeltes Holz aus dem Au\u00dfenbereich<br \/>\n[\/expand]<\/p>\n<hr class=\"space\">\n<p>[expand title=&#8220;Fensterholz mit Glas und Beschl\u00e4gen&#8220;]<\/p>\n<p>[\/expand]<\/p>\n<hr class=\"space\">\n<p>[expand title=&#8220;Eisenbahnschwellen, J\u00e4gerz\u00e4une, Palisaden&#8220;]<\/p>\n<figure id=\"attachment_495\" aria-describedby=\"caption-attachment-495\" style=\"width: 250px\" class=\"wp-caption alignright\"><img loading=\"lazy\" decoding=\"async\" class=\"size-full wp-image-495\" title=\"Eisenbahnschwellen, J\u00e4gerz\u00e4une, Palisaden\" src=\"..\/..\/files\/2011\/07\/3C_Eisenbahnschwellen.jpg\" alt=\"\" width=\"250\" height=\"344\"><figcaption id=\"caption-attachment-495\" class=\"wp-caption-text\">Eisenbahnschwellen, J\u00e4gerz\u00e4une, Palisaden<\/figcaption><\/figure>\n<p>[\/expand]<\/p>\n<hr>\n<p>[expand title=&#8220;Flachglas&#8220;]<\/p>\n<figure id=\"attachment_498\" aria-describedby=\"caption-attachment-498\" style=\"width: 250px\" class=\"wp-caption alignright\"><img loading=\"lazy\" decoding=\"async\" class=\"size-full wp-image-498\" title=\"Flachglas\" src=\"..\/..\/files\/2011\/07\/4C_Flachglas.jpg\" alt=\"\" width=\"250\" height=\"344\"><figcaption id=\"caption-attachment-498\" class=\"wp-caption-text\">Flachglas<\/figcaption><\/figure>\n<p>[\/expand]<\/p>\n<hr>\n<p>[expand title=&#8220;Erdaushub unbelastet &#8211; max. 3% Fremdstoffe&#8220;]<\/p>\n<figure id=\"attachment_499\" aria-describedby=\"caption-attachment-499\" style=\"width: 250px\" class=\"wp-caption alignright\"><img loading=\"lazy\" decoding=\"async\" class=\"size-full wp-image-499\" title=\"Erdaushub, unbelastet\" src=\"..\/..\/files\/2011\/07\/5A_Erdaushub-unbelastet.jpg\" alt=\"\" width=\"250\" height=\"344\"><figcaption id=\"caption-attachment-499\" class=\"wp-caption-text\">Erdaushub, unbelastet<\/figcaption><\/figure>\n<p>Sand, Lehm, L\u00f6\u00dfboden mit nicht mehr als 3% Steinen, Gras oder Wurzelresten vermischt.<br \/>\n[\/expand]<\/p>\n<hr class=\"space\">\n<p>[expand title=&#8220;Erdaushub unbelastet &#8211; mit Fremdstoffen&#8220;]<\/p>\n<figure id=\"attachment_500\" aria-describedby=\"caption-attachment-500\" style=\"width: 250px\" class=\"wp-caption alignright\"><img loading=\"lazy\" decoding=\"async\" class=\"size-full wp-image-500\" title=\"Erdaushub mit Fremdstoffen\" src=\"..\/..\/files\/2011\/07\/5B_Erdaushub-Fremdstoffe.jpg\" alt=\"\" width=\"250\" height=\"344\"><figcaption id=\"caption-attachment-500\" class=\"wp-caption-text\">Erdaushub mit Fremdstoffen<\/figcaption><\/figure>\n<p>Sand, Lehm, L\u00f6\u00dfboden mit Steinschutt,<br \/>\njedoch ohne Asphalt und ohne armierten Stahlbeton.<br \/>\n[\/expand]<\/p>\n<hr class=\"space\">\n<p>[expand title=&#8220;Erdaushub unbelastet &#8211; stark verunreinigt&#8220;]<\/p>\n<figure id=\"attachment_501\" aria-describedby=\"caption-attachment-501\" style=\"width: 250px\" class=\"wp-caption alignright\"><img loading=\"lazy\" decoding=\"async\" class=\"size-full wp-image-501\" title=\"Erdaushub, stark verunreinigt\" src=\"..\/..\/files\/2011\/07\/5C_Erdaushub-stark-verunreinigt.jpg\" alt=\"\" width=\"250\" height=\"344\"><figcaption id=\"caption-attachment-501\" class=\"wp-caption-text\">Erdaushub, stark verunreinigt<\/figcaption><\/figure>\n<p>Wie zuvor, jedoch mit starken Verunreinigungen<br \/>\nwie Grasnarbe oder von Fl\u00e4chenrodung.<br \/>\n[\/expand]<\/p>\n<hr>\n<p>[expand title=&#8220;Bauschutt&#8220;]<\/p>\n<p>Bauschutt sortenrein<\/p>\n<p><strong>Bestandteile nicht gr\u00f6\u00dfer als 60,0 cm Kantenl\u00e4nge.<\/strong><br \/>\nHauptbestandteile sind Beton, Vollziegel, Klinker, Betonaufbruch sowie Mauerwerk aus den genannten Stoffen, M\u00f6rtel und Putzanhaftungen (jedoch keine W\u00e4rmed\u00e4mmverbundsysteme), Beton- und Natursteine, Altschotter, Fliesen.<br \/>\n[\/expand]<\/p>\n<hr class=\"space\">\n<p>[expand title=&#8220;Bauschutt, \u00dcbergr\u00f6\u00dfe&#8220;]<\/p>\n<p>Bauschutt sortenrein<\/p>\n<p>Wie Bauschutt, jedoch mit einer Kantenl\u00e4nge von <strong>\u00fcber 60,0 cm<\/strong>.<br \/>\nInsbesondere Betonbrocken, Mauerwerk, Fertigteile, mit oder ohne Armierung.<br \/>\n[\/expand]<\/p>\n<hr class=\"space\">\n<p>[expand title=&#8220;Bauschutt mit erh\u00f6htem Feinanteil&#8220;]<\/p>\n<p>Wie Bauschutt sortenrein, jedoch mit erh\u00f6htem Bodenanteil.<br \/>\n[\/expand]<\/p>\n<hr class=\"space\">\n<p>[expand title=&#8220;Bauschutt, stark verunreinigt&#8220;]<\/p>\n<p>Bauschutt nicht sortenrein<\/p>\n<p>Wie Bauschutt, jedoch mit Verunreinigungen wie Metall, Kunststoff, Papier (z.B. Tapete), Kabel.<br \/>\n[\/expand]<\/p>\n<hr class=\"space\">\n<p>[expand title=&#8220;Leichtbaustoffe&#8220;]<\/p>\n<p>Bauschutt sortenrein aus Gips, Bims, Gasbeton (z.B. Ytong\u00ae) und \u00e4hnlichen Stoffen.<br \/>\n[\/expand]<\/p>\n<hr class=\"space\">\n<p>[expand title=&#8220;Gipskartonplatten&#8220;]<\/p>\n<p>Gipskartonplatten, Rigips\u00ae-Platten<br \/>\n[\/expand]<\/p>\n<hr class=\"space\">\n<p>[expand title=&#8220;Baumischabf\u00e4lle&#8220;]<\/p>\n<figure id=\"attachment_496\" aria-describedby=\"caption-attachment-496\" style=\"width: 250px\" class=\"wp-caption alignright\"><img loading=\"lazy\" decoding=\"async\" class=\"size-full wp-image-496\" title=\"Baumischabf\u00e4lle\" src=\"..\/..\/files\/2011\/07\/4A_Baumischabfaelle.jpg\" alt=\"\" width=\"250\" height=\"344\"><figcaption id=\"caption-attachment-496\" class=\"wp-caption-text\">Baumischabf\u00e4lle<\/figcaption><\/figure>\n<p>Gemischte Abf\u00e4lle wie Plastik, Papier (Tapeten) oder Pappe, Teppiche, KG-Rohre, Drainagerohre.<br \/>\n<strong>Glasbausteine, Drahtglas und Verbundglas z\u00e4hlen zu Baumischabfall!<\/strong><\/p>\n<p>Isoliermaterial, Mineralfaserabf\u00e4lle, Glaswolle, Styropor und Styrodur geh\u00f6ren <strong>NICHT<\/strong> zu Baumischabf\u00e4llen.<br \/>\n[\/expand]<\/p>\n<hr>\n<p>[expand title=&#8220;Sperrm\u00fcll&#8220;]<\/p>\n<figure id=\"attachment_497\" aria-describedby=\"caption-attachment-497\" style=\"width: 250px\" class=\"wp-caption alignright\"><img loading=\"lazy\" decoding=\"async\" class=\"size-full wp-image-497\" title=\"Sperrm\u00fcll\" src=\"..\/..\/files\/2011\/07\/4B_Sperrmuell.jpg\" alt=\"\" width=\"250\" height=\"344\"><figcaption id=\"caption-attachment-497\" class=\"wp-caption-text\">Sperrm\u00fcll<\/figcaption><\/figure>\n<p>Gemischte Abf\u00e4lle wie Plastik, Verpackungen, Abfall aus Wohnungsaufl\u00f6sungen<br \/>\n[\/expand]<\/p>\n<hr>\n<p>[expand title=&#8220;D\u00e4mmstoffabf\u00e4lle aus Styropor\/Styrodur, sortenrein&#8220;]<\/p>\n<figure id=\"attachment_497\" aria-describedby=\"caption-attachment-497\" style=\"width: 250px\" class=\"wp-caption alignright\"><img loading=\"lazy\" decoding=\"async\" class=\"size-full wp-image-497\" title=\"D\u00e4mmstoffabf\u00e4lle aus Styropor\/Styrodur\" src=\"..\/..\/files\/2017\/02\/4B_Daemmstoffabfaelle.jpg\" alt=\"\" width=\"250\" height=\"344\"><figcaption id=\"caption-attachment-497\" class=\"wp-caption-text\">D\u00e4mmstoffabf\u00e4lle aus Styropor\/Styrodur<\/figcaption><\/figure>\n<p>aus Polystyrolmaterialien, sortenreiner Styropur und Styrodur verpackt in PE-S\u00e4cken.<\/p>\n<p>[\/expand]<\/p>\n<hr class=\"space\">\n<p>[expand title=&#8220;D\u00e4mmstoffabf\u00e4lle aus Styropor\/Styrodur, mit Anhaftungen&#8220;]<\/p>\n<p>Polystyrolmaterialien, Styropur und Styrodur mit Anhaftungen. Verpackt in PE-S\u00e4cken oder BigBags.<br \/>\n[\/expand]<\/p>\n<hr>\n<p>[expand title=&#8220;Mineralfaserabf\u00e4lle&#8220;]<\/p>\n<figure id=\"attachment_497\" aria-describedby=\"caption-attachment-497\" style=\"width: 250px\" class=\"wp-caption alignright\"><img loading=\"lazy\" decoding=\"async\" class=\"size-full wp-image-497\" title=\"Mineralfaserabf\u00e4lle\" src=\"..\/..\/files\/2017\/02\/4B_Mineralfaserabfaelle.jpg\" alt=\"\" width=\"250\" height=\"344\"><figcaption id=\"caption-attachment-497\" class=\"wp-caption-text\">Mineralfaserabf\u00e4lle<\/figcaption><\/figure>\n<p>D\u00e4mmwolle wie Glaswolle und Steinwolle verpackt in BigBags, zugebunden<\/p>\n<p>[\/expand]<\/p>\n<hr class=\"space\">\n","protected":false},"excerpt":{"rendered":"<p>Bitte beachten Sie folgende Hinweise Es erfolgt keine Annahme von Bauschutt, der gef\u00e4hrliche Stoffe enth\u00e4lt und somit als besonders \u00fcberwachungsbed\u00fcrftig eingestuft ist! Es erfolgt keine Annahme von Stra\u00dfenaufbruch und Asphalt Bei gemischter Anlieferung (nicht getrennte Mischung aus den unten genannten Bauschuttarten) erfolgt die Verwiegung der gesamten Menge auf die teuerste Bauschuttart! Gerne unterbreiten wir Ihnen [&hellip;]<\/p>\n","protected":false},"author":1,"featured_media":0,"parent":0,"menu_order":4,"comment_status":"closed","ping_status":"closed","template":"","meta":{"footnotes":""},"class_list":["post-45","page","type-page","status-publish","hentry"],"_links":{"self":[{"href":"https:\/\/www.weiland-mannheim.de\/erdenwerk\/wp-json\/wp\/v2\/pages\/45","targetHints":{"allow":["GET"]}}],"collection":[{"href":"https:\/\/www.weiland-mannheim.de\/erdenwerk\/wp-json\/wp\/v2\/pages"}],"about":[{"href":"https:\/\/www.weiland-mannheim.de\/erdenwerk\/wp-json\/wp\/v2\/types\/page"}],"author":[{"embeddable":true,"href":"https:\/\/www.weiland-mannheim.de\/erdenwerk\/wp-json\/wp\/v2\/users\/1"}],"replies":[{"embeddable":true,"href":"https:\/\/www.weiland-mannheim.de\/erdenwerk\/wp-json\/wp\/v2\/comments?post=45"}],"version-history":[{"count":5,"href":"https:\/\/www.weiland-mannheim.de\/erdenwerk\/wp-json\/wp\/v2\/pages\/45\/revisions"}],"predecessor-version":[{"id":10513,"href":"https:\/\/www.weiland-mannheim.de\/erdenwerk\/wp-json\/wp\/v2\/pages\/45\/revisions\/10513"}],"wp:attachment":[{"href":"https:\/\/www.weiland-mannheim.de\/erdenwerk\/wp-json\/wp\/v2\/media?parent=45"}],"curies":[{"name":"wp","href":"https:\/\/api.w.org\/{rel}","templated":true}]}}